{"id":1200,"date":"2022-06-15T15:13:37","date_gmt":"2022-07-04T15:51:21","guid":{"rendered":"https:\/\/italdibipack.bozzaonline.it\/prodotto\/mecpack-stx\/"},"modified":"2024-09-20T15:29:18","modified_gmt":"2024-09-20T15:29:18","slug":"mecpack-stx","status":"publish","type":"product","link":"https:\/\/www.italdibipack.com\/fr\/produit\/mecpack-stx\/","title":{"rendered":"MECPACK STX"},"content":{"rendered":"","protected":false},"excerpt":{"rendered":"<h3>ILE RETRACTABLE AUTOMATIQUE AVEC UN INCROYABLE RAPPORT QUALITE\u2019\/PRIX<\/h3>\n<p>Soudeuses en \u00ab\u00a0L\u00a0\u00bb automatiques caract\u00e9ris\u00e9es par les standards des plus elev\u00e9s , constructives et fonctionnelles et qui, dans l\u2019ensemble, consentissent \u00e0 un traitement de toutes les typologies commerciales et de toutes les formes de produit. Ideales pour productiones elev\u00e9es.<\/p>\n<p>Le fonctionnement de ces machines est compl\u00e8tement automatique et l\u2019op\u00e9rateur doit seulement mettre le produit sur le convoyeur d\u2019alimentation parce qu\u2019un syst\u00e8me de photocellules contr\u00f4le toute la proc\u00e9dure de fonctionnement.\u00a0C\u2019est tr\u00e9s facile de changer le format du produit.<\/p>\n","protected":false},"featured_media":16317,"template":"","meta":{"_acf_changed":false,"_seopress_robots_primary_cat":"","_seopress_titles_title":"MECPACK STX: Soudeuse Haute Vitesse | ITALDIBIPACK","_seopress_titles_desc":"Syst\u00e8me automatique avanc\u00e9 pour l'emballage thermor\u00e9tractable en continu. Id\u00e9al pour les lignes intensives.","_seopress_robots_index":"","_eb_attr":"","_gspb_post_css":"","_kad_blocks_custom_css":"","_kad_blocks_head_custom_js":"","_kad_blocks_body_custom_js":"","_kad_blocks_footer_custom_js":"","_eb_data_table":"","_kad_post_transparent":"default","_kad_post_title":"","_kad_post_layout":"default","_kad_post_sidebar_id":"","_kad_post_content_style":"default","_kad_post_vertical_padding":"default","_kad_post_feature":"","_kad_post_feature_position":"","_kad_post_header":false,"_kad_post_footer":false,"_kad_post_classname":""},"product_brand":[],"product_cat":[100,340],"product_tag":[],"settore_applicazione":[],"campo_applicativo":[],"class_list":{"0":"post-1200","1":"product","2":"type-product","3":"status-publish","4":"has-post-thumbnail","6":"product_cat-conditionnement-thermoretractable","7":"product_cat-systemes-automatiques-avec-four-de-retraction","9":"first","10":"instock","11":"taxable","12":"shipping-taxable","13":"product-type-simple","14":"entry","15":"content-bg","16":"loop-entry"},"acf":[],"taxonomy_info":{"product_cat":[{"value":100,"label":"Conditionnement thermor\u00e9tractable"},{"value":340,"label":"Syst\u00e8mes automatiques avec four de r\u00e9traction"}]},"featured_image_src_large":["https:\/\/www.italdibipack.com\/wp-content\/uploads\/2024\/02\/MECPACK-STX-macchine-confezionatrici-confezionatrici-angolari-a-L-ITALDIBIPACK-griglia-1024x1024.jpg",1024,1024,true],"author_info":[],"comment_info":"","_links":{"self":[{"href":"https:\/\/www.italdibipack.com\/fr\/wp-json\/wp\/v2\/product\/1200","targetHints":{"allow":["GET"]}}],"collection":[{"href":"https:\/\/www.italdibipack.com\/fr\/wp-json\/wp\/v2\/product"}],"about":[{"href":"https:\/\/www.italdibipack.com\/fr\/wp-json\/wp\/v2\/types\/product"}],"wp:featuredmedia":[{"embeddable":true,"href":"https:\/\/www.italdibipack.com\/fr\/wp-json\/wp\/v2\/media\/16317"}],"wp:attachment":[{"href":"https:\/\/www.italdibipack.com\/fr\/wp-json\/wp\/v2\/media?parent=1200"}],"wp:term":[{"taxonomy":"product_brand","embeddable":true,"href":"https:\/\/www.italdibipack.com\/fr\/wp-json\/wp\/v2\/product_brand?post=1200"},{"taxonomy":"product_cat","embeddable":true,"href":"https:\/\/www.italdibipack.com\/fr\/wp-json\/wp\/v2\/product_cat?post=1200"},{"taxonomy":"product_tag","embeddable":true,"href":"https:\/\/www.italdibipack.com\/fr\/wp-json\/wp\/v2\/product_tag?post=1200"},{"taxonomy":"settore_applicazione","embeddable":true,"href":"https:\/\/www.italdibipack.com\/fr\/wp-json\/wp\/v2\/settore_applicazione?post=1200"},{"taxonomy":"campo_applicativo","embeddable":true,"href":"https:\/\/www.italdibipack.com\/fr\/wp-json\/wp\/v2\/campo_applicativo?post=1200"}],"curies":[{"name":"wp","href":"https:\/\/api.w.org\/{rel}","templated":true}]}}