{"id":1201,"date":"2022-06-15T15:13:37","date_gmt":"2022-07-04T15:51:21","guid":{"rendered":"https:\/\/italdibipack.bozzaonline.it\/prodotto\/unique\/"},"modified":"2024-09-20T15:35:32","modified_gmt":"2024-09-20T15:35:32","slug":"confezionatrici-unique","status":"publish","type":"product","link":"https:\/\/www.italdibipack.com\/fr\/produit\/confezionatrici-unique\/","title":{"rendered":"UNIQUE BF EV"},"content":{"rendered":"","protected":false},"excerpt":{"rendered":"<h3>LA FLOWPACK SIMPLIFIEE DE NOUVELLE GENERATION<\/h3>\n<p><strong>UNIQUE\u00a0<\/strong>ouvre une nouvelle \u00e8re dans le monde de l\u2019emballage et apporte une r\u00e9ponse concr\u00e8te aux investissements en suspend et aux besoins latent pour qui veut confectionner ses propres produits et investir de mani\u00e8re proportionn\u00e9.\u00a0\u00a0\u00a0<strong>UNIQUE<\/strong>\u00a0l\u2019emballeuse version simplifi\u00e9e tr\u00e8s facile \u00e0 utiliser.<br \/>\nPar l\u2019entremise d\u2019une manivelle, on peut facilement regler l\u2019inclination de la machine et \u00ab selectionner \u00bb l\u2019angle de travail le plus convenable pour le produit :<br \/>\non peut opter pour un chargement en ligne ou plus ou moins inclin\u00e9, jusqu\u2019\u00e0 une position vertical.<\/p>\n","protected":false},"featured_media":16492,"template":"","meta":{"_acf_changed":false,"_seopress_robots_primary_cat":"","_seopress_titles_title":"UNIQUE BF EV: Machine Flowpack | ITALDIBIPACK","_seopress_titles_desc":"Unique est l'emballeuse flowpack r\u00e9volutionnaire pour sa polyvalence. Adaptable \u00e0 des produits de longueurs vari\u00e9es.","_seopress_robots_index":"","_eb_attr":"","_gspb_post_css":"","_kad_blocks_custom_css":"","_kad_blocks_head_custom_js":"","_kad_blocks_body_custom_js":"","_kad_blocks_footer_custom_js":"","_eb_data_table":"","_kad_post_transparent":"default","_kad_post_title":"","_kad_post_layout":"default","_kad_post_sidebar_id":"","_kad_post_content_style":"default","_kad_post_vertical_padding":"default","_kad_post_feature":"","_kad_post_feature_position":"","_kad_post_header":false,"_kad_post_footer":false,"_kad_post_classname":""},"product_brand":[],"product_cat":[346],"product_tag":[],"settore_applicazione":[],"campo_applicativo":[],"class_list":{"0":"post-1201","1":"product","2":"type-product","3":"status-publish","4":"has-post-thumbnail","6":"product_cat-machines-demballage-flowpack","8":"first","9":"instock","10":"taxable","11":"shipping-taxable","12":"product-type-simple","13":"entry","14":"content-bg","15":"loop-entry"},"acf":[],"taxonomy_info":{"product_cat":[{"value":346,"label":"Machines d\u2019emballage flowpack"}]},"featured_image_src_large":["https:\/\/www.italdibipack.com\/wp-content\/uploads\/2024\/02\/UNIQUE-BF-EV-confezionatrici-flowpack-ITALDIBIPACK-griglia-1024x1024.jpg",1024,1024,true],"author_info":[],"comment_info":"","_links":{"self":[{"href":"https:\/\/www.italdibipack.com\/fr\/wp-json\/wp\/v2\/product\/1201","targetHints":{"allow":["GET"]}}],"collection":[{"href":"https:\/\/www.italdibipack.com\/fr\/wp-json\/wp\/v2\/product"}],"about":[{"href":"https:\/\/www.italdibipack.com\/fr\/wp-json\/wp\/v2\/types\/product"}],"wp:featuredmedia":[{"embeddable":true,"href":"https:\/\/www.italdibipack.com\/fr\/wp-json\/wp\/v2\/media\/16492"}],"wp:attachment":[{"href":"https:\/\/www.italdibipack.com\/fr\/wp-json\/wp\/v2\/media?parent=1201"}],"wp:term":[{"taxonomy":"product_brand","embeddable":true,"href":"https:\/\/www.italdibipack.com\/fr\/wp-json\/wp\/v2\/product_brand?post=1201"},{"taxonomy":"product_cat","embeddable":true,"href":"https:\/\/www.italdibipack.com\/fr\/wp-json\/wp\/v2\/product_cat?post=1201"},{"taxonomy":"product_tag","embeddable":true,"href":"https:\/\/www.italdibipack.com\/fr\/wp-json\/wp\/v2\/product_tag?post=1201"},{"taxonomy":"settore_applicazione","embeddable":true,"href":"https:\/\/www.italdibipack.com\/fr\/wp-json\/wp\/v2\/settore_applicazione?post=1201"},{"taxonomy":"campo_applicativo","embeddable":true,"href":"https:\/\/www.italdibipack.com\/fr\/wp-json\/wp\/v2\/campo_applicativo?post=1201"}],"curies":[{"name":"wp","href":"https:\/\/api.w.org\/{rel}","templated":true}]}}