{"id":1204,"date":"2022-06-15T15:13:37","date_gmt":"2022-07-04T15:51:21","guid":{"rendered":"https:\/\/italdibipack.bozzaonline.it\/prodotto\/speed-bag-ev\/"},"modified":"2024-09-20T17:08:25","modified_gmt":"2024-09-20T17:08:25","slug":"speed-bag-ev","status":"publish","type":"product","link":"https:\/\/www.italdibipack.com\/fr\/produit\/speed-bag-ev\/","title":{"rendered":"SPEED BAG EV"},"content":{"rendered":"","protected":false},"excerpt":{"rendered":"<h3>ROUTAGE SIMPLE, PRATIQUE ET ECONOMIQUE AVEC SPEEDBAG EV<\/h3>\n<p>L\u2019ideal pour emballage et mailing de magazines, journaux, catalogues, brochures et touts les autres types d\u2019imprim\u00e9s, en\u00a0simple et multipaquet. C\u2019est une machine semi-automatique; avec un fonctionnement tr\u00e8s simple: l\u2019op\u00e9rateur doit seulement introduire l\u2019imprim\u00e9 dans le \u00abconformateur plac\u00e9 sur la partie sup\u00e9rieure de la machine, le reste du cycle se d\u00e9roule automatiquement. Une fois r\u00e9gl\u00e9e la largeur du conformateur en base de l\u2019imprim\u00e9 \u00e0 introduire, une photocellule d\u00e9tecte le d\u00e9but et la fin de l\u2019imprim\u00e9 et actionne le d\u00e9roulement du film qui effectuera la formation du sachet.<\/p>\n","protected":false},"featured_media":16560,"template":"","meta":{"_acf_changed":false,"_seopress_robots_primary_cat":"","_seopress_titles_title":"SPEED BAG EV: Ensacheuse Verticale | ITALDIBIPACK","_seopress_titles_desc":"Ensacheuse verticale simple et efficace pour la fermeture de sacs en poly\u00e9thyl\u00e8ne. Id\u00e9al pour tout secteur.","_seopress_robots_index":"","_eb_attr":"","_gspb_post_css":"","_kad_blocks_custom_css":"","_kad_blocks_head_custom_js":"","_kad_blocks_body_custom_js":"","_kad_blocks_footer_custom_js":"","_eb_data_table":"","_kad_post_transparent":"default","_kad_post_title":"","_kad_post_layout":"default","_kad_post_sidebar_id":"","_kad_post_content_style":"default","_kad_post_vertical_padding":"default","_kad_post_feature":"","_kad_post_feature_position":"","_kad_post_header":false,"_kad_post_footer":false,"_kad_post_classname":""},"product_brand":[],"product_cat":[365],"product_tag":[],"settore_applicazione":[],"campo_applicativo":[],"class_list":{"0":"post-1204","1":"product","2":"type-product","3":"status-publish","4":"has-post-thumbnail","6":"product_cat-non-classe","8":"first","9":"instock","10":"taxable","11":"shipping-taxable","12":"product-type-simple","13":"entry","14":"content-bg","15":"loop-entry"},"acf":[],"taxonomy_info":{"product_cat":[{"value":365,"label":"Non class\u00e9"}]},"featured_image_src_large":["https:\/\/www.italdibipack.com\/wp-content\/uploads\/2022\/06\/SPEED-BAG-EV-sistemi-di-imbustamento-ITALDIBIPACK-griglia-1024x1024.jpg",1024,1024,true],"author_info":[],"comment_info":"","_links":{"self":[{"href":"https:\/\/www.italdibipack.com\/fr\/wp-json\/wp\/v2\/product\/1204","targetHints":{"allow":["GET"]}}],"collection":[{"href":"https:\/\/www.italdibipack.com\/fr\/wp-json\/wp\/v2\/product"}],"about":[{"href":"https:\/\/www.italdibipack.com\/fr\/wp-json\/wp\/v2\/types\/product"}],"wp:featuredmedia":[{"embeddable":true,"href":"https:\/\/www.italdibipack.com\/fr\/wp-json\/wp\/v2\/media\/16560"}],"wp:attachment":[{"href":"https:\/\/www.italdibipack.com\/fr\/wp-json\/wp\/v2\/media?parent=1204"}],"wp:term":[{"taxonomy":"product_brand","embeddable":true,"href":"https:\/\/www.italdibipack.com\/fr\/wp-json\/wp\/v2\/product_brand?post=1204"},{"taxonomy":"product_cat","embeddable":true,"href":"https:\/\/www.italdibipack.com\/fr\/wp-json\/wp\/v2\/product_cat?post=1204"},{"taxonomy":"product_tag","embeddable":true,"href":"https:\/\/www.italdibipack.com\/fr\/wp-json\/wp\/v2\/product_tag?post=1204"},{"taxonomy":"settore_applicazione","embeddable":true,"href":"https:\/\/www.italdibipack.com\/fr\/wp-json\/wp\/v2\/settore_applicazione?post=1204"},{"taxonomy":"campo_applicativo","embeddable":true,"href":"https:\/\/www.italdibipack.com\/fr\/wp-json\/wp\/v2\/campo_applicativo?post=1204"}],"curies":[{"name":"wp","href":"https:\/\/api.w.org\/{rel}","templated":true}]}}