{"id":1207,"date":"2022-06-15T15:13:37","date_gmt":"2022-07-04T15:51:21","guid":{"rendered":"https:\/\/italdibipack.bozzaonline.it\/prodotto\/skin-5035-ev\/"},"modified":"2024-09-20T15:46:08","modified_gmt":"2024-09-20T15:46:08","slug":"skin-5035-ev","status":"publish","type":"product","link":"https:\/\/www.italdibipack.com\/fr\/produit\/skin-5035-ev\/","title":{"rendered":"SKIN 5035-EV"},"content":{"rendered":"","protected":false},"excerpt":{"rendered":"<h3>LE MEILLEUR MODE POUR VALORISER VOS PRODUITS<\/h3>\n<p>Pelliplaquer signifie, concr\u00e9tement, fixer solidement un objet sur une base de carton gr\u00e2ce \u00e0 une pellicule en plastique. Cette derniere, r\u00e9chauff\u00e9e et assouplie par un paneau radiant, par une action d&rsquo;aspiration qui permet l\u2019adh\u00e9rence du film sur le carton, dessinant parfaitement les contours de l\u2019objet.<\/p>\n","protected":false},"featured_media":16432,"template":"","meta":{"_acf_changed":false,"_seopress_robots_primary_cat":"","_seopress_titles_title":"SKIN 5035-EV: Machine Skin | ITALDIBIPACK","_seopress_titles_desc":"Machine d'emballage professionnelle pour la fixation de produits sur carton avec film skin. Protection et visibilit\u00e9.","_seopress_robots_index":"","_eb_attr":"","_gspb_post_css":"","_kad_blocks_custom_css":"","_kad_blocks_head_custom_js":"","_kad_blocks_body_custom_js":"","_kad_blocks_footer_custom_js":"","_eb_data_table":"","_kad_post_transparent":"default","_kad_post_title":"","_kad_post_layout":"default","_kad_post_sidebar_id":"","_kad_post_content_style":"default","_kad_post_vertical_padding":"default","_kad_post_feature":"","_kad_post_feature_position":"","_kad_post_header":false,"_kad_post_footer":false,"_kad_post_classname":""},"product_brand":[],"product_cat":[108],"product_tag":[],"settore_applicazione":[],"campo_applicativo":[],"class_list":{"0":"post-1207","1":"product","2":"type-product","3":"status-publish","4":"has-post-thumbnail","6":"product_cat-conditionneuses-skinpack","8":"first","9":"instock","10":"taxable","11":"shipping-taxable","12":"product-type-simple","13":"entry","14":"content-bg","15":"loop-entry"},"acf":[],"taxonomy_info":{"product_cat":[{"value":108,"label":"Conditionneuses skinpack"}]},"featured_image_src_large":["https:\/\/www.italdibipack.com\/wp-content\/uploads\/2024\/02\/SKIN-5035-EV-confezionatrici-skinpack-ITALDIBIPACK-griglia-1024x1024.jpg",1024,1024,true],"author_info":[],"comment_info":"","_links":{"self":[{"href":"https:\/\/www.italdibipack.com\/fr\/wp-json\/wp\/v2\/product\/1207","targetHints":{"allow":["GET"]}}],"collection":[{"href":"https:\/\/www.italdibipack.com\/fr\/wp-json\/wp\/v2\/product"}],"about":[{"href":"https:\/\/www.italdibipack.com\/fr\/wp-json\/wp\/v2\/types\/product"}],"wp:featuredmedia":[{"embeddable":true,"href":"https:\/\/www.italdibipack.com\/fr\/wp-json\/wp\/v2\/media\/16432"}],"wp:attachment":[{"href":"https:\/\/www.italdibipack.com\/fr\/wp-json\/wp\/v2\/media?parent=1207"}],"wp:term":[{"taxonomy":"product_brand","embeddable":true,"href":"https:\/\/www.italdibipack.com\/fr\/wp-json\/wp\/v2\/product_brand?post=1207"},{"taxonomy":"product_cat","embeddable":true,"href":"https:\/\/www.italdibipack.com\/fr\/wp-json\/wp\/v2\/product_cat?post=1207"},{"taxonomy":"product_tag","embeddable":true,"href":"https:\/\/www.italdibipack.com\/fr\/wp-json\/wp\/v2\/product_tag?post=1207"},{"taxonomy":"settore_applicazione","embeddable":true,"href":"https:\/\/www.italdibipack.com\/fr\/wp-json\/wp\/v2\/settore_applicazione?post=1207"},{"taxonomy":"campo_applicativo","embeddable":true,"href":"https:\/\/www.italdibipack.com\/fr\/wp-json\/wp\/v2\/campo_applicativo?post=1207"}],"curies":[{"name":"wp","href":"https:\/\/api.w.org\/{rel}","templated":true}]}}