{"id":1210,"date":"2022-06-15T15:13:37","date_gmt":"2022-07-04T15:51:21","guid":{"rendered":"https:\/\/italdibipack.bozzaonline.it\/prodotto\/maxicut\/"},"modified":"2024-09-20T15:49:14","modified_gmt":"2024-09-20T15:49:14","slug":"maxicut","status":"publish","type":"product","link":"https:\/\/www.italdibipack.com\/fr\/produit\/maxicut\/","title":{"rendered":"MAXICUT"},"content":{"rendered":"","protected":false},"excerpt":{"rendered":"<h3>L\u2019EMPORTEUSE DE PIECES POUR RETAILLER LES PRODUITS CONDITIONNES EN SKIN<\/h3>\n<p>Les emporteuses de pi\u00e8ces\u00a0<strong><em>MINI et MAXI-CUT<\/em><\/strong>\u00a0sont\u00a0<strong>ideales\u00a0en cas de conditionnement de plusieurs objets\u00a0en un cycle unique<\/strong>, parce qu\u2019elles s\u00e9parent les objets individuellement sans pour autant utiliser un ciseaux manuel avec la possibilit\u00e9 d\u2019isoler les petits cartons<\/p>\n<p>Machine con\u00e7ue selon les normes de la CE<\/p>\n","protected":false},"featured_media":16262,"template":"","meta":{"_acf_changed":false,"_seopress_robots_primary_cat":"","_seopress_titles_title":"MAXICUT: Coupeuse Haute Capacit\u00e9 | ITALDIBIPACK","_seopress_titles_desc":"Coupeuse manuelle pour bobines de grandes dimensions. Id\u00e9al pour papier, pluriball et film \u00e9tirable.","_seopress_robots_index":"","_eb_attr":"","_gspb_post_css":"","_kad_blocks_custom_css":"","_kad_blocks_head_custom_js":"","_kad_blocks_body_custom_js":"","_kad_blocks_footer_custom_js":"","_eb_data_table":"","_kad_post_transparent":"default","_kad_post_title":"","_kad_post_layout":"default","_kad_post_sidebar_id":"","_kad_post_content_style":"default","_kad_post_vertical_padding":"default","_kad_post_feature":"","_kad_post_feature_position":"","_kad_post_header":false,"_kad_post_footer":false,"_kad_post_classname":""},"product_brand":[],"product_cat":[108],"product_tag":[],"settore_applicazione":[],"campo_applicativo":[],"class_list":{"0":"post-1210","1":"product","2":"type-product","3":"status-publish","4":"has-post-thumbnail","6":"product_cat-conditionneuses-skinpack","8":"first","9":"instock","10":"taxable","11":"shipping-taxable","12":"product-type-simple","13":"entry","14":"content-bg","15":"loop-entry"},"acf":[],"taxonomy_info":{"product_cat":[{"value":108,"label":"Conditionneuses skinpack"}]},"featured_image_src_large":["https:\/\/www.italdibipack.com\/wp-content\/uploads\/2024\/02\/MAXICUT-confezionatrici-skinpack-ITALDIBIPACK-griglia-1024x1024.jpg",1024,1024,true],"author_info":[],"comment_info":"","_links":{"self":[{"href":"https:\/\/www.italdibipack.com\/fr\/wp-json\/wp\/v2\/product\/1210","targetHints":{"allow":["GET"]}}],"collection":[{"href":"https:\/\/www.italdibipack.com\/fr\/wp-json\/wp\/v2\/product"}],"about":[{"href":"https:\/\/www.italdibipack.com\/fr\/wp-json\/wp\/v2\/types\/product"}],"wp:featuredmedia":[{"embeddable":true,"href":"https:\/\/www.italdibipack.com\/fr\/wp-json\/wp\/v2\/media\/16262"}],"wp:attachment":[{"href":"https:\/\/www.italdibipack.com\/fr\/wp-json\/wp\/v2\/media?parent=1210"}],"wp:term":[{"taxonomy":"product_brand","embeddable":true,"href":"https:\/\/www.italdibipack.com\/fr\/wp-json\/wp\/v2\/product_brand?post=1210"},{"taxonomy":"product_cat","embeddable":true,"href":"https:\/\/www.italdibipack.com\/fr\/wp-json\/wp\/v2\/product_cat?post=1210"},{"taxonomy":"product_tag","embeddable":true,"href":"https:\/\/www.italdibipack.com\/fr\/wp-json\/wp\/v2\/product_tag?post=1210"},{"taxonomy":"settore_applicazione","embeddable":true,"href":"https:\/\/www.italdibipack.com\/fr\/wp-json\/wp\/v2\/settore_applicazione?post=1210"},{"taxonomy":"campo_applicativo","embeddable":true,"href":"https:\/\/www.italdibipack.com\/fr\/wp-json\/wp\/v2\/campo_applicativo?post=1210"}],"curies":[{"name":"wp","href":"https:\/\/api.w.org\/{rel}","templated":true}]}}