{"id":1211,"date":"2022-06-15T15:13:57","date_gmt":"2022-07-04T15:52:04","guid":{"rendered":"https:\/\/italdibipack.bozzaonline.it\/prodotto\/robot-leonardo\/"},"modified":"2024-09-20T15:51:37","modified_gmt":"2024-09-20T15:51:37","slug":"robot-leonardo","status":"publish","type":"product","link":"https:\/\/www.italdibipack.com\/fr\/produit\/robot-leonardo\/","title":{"rendered":"ROBOT LEONARDO"},"content":{"rendered":"","protected":false},"excerpt":{"rendered":"<h3>LE ROBOT PALETTISEUR LE PLUS GENIAL DU MONDE<\/h3>\n<p>Concu par le Team R&amp;D de Italdibipack Group, Leonardo est un robot de banderolage, UNIQUE dans son genre, capable de r\u00e9soudre avec succ\u00e8s la pluspart des exigences de banderolage avec du film \u00e9tirable des charges palettis\u00e9s et pas seulement, gr\u00e2ce \u00e0 sa technologie avanc\u00e9e et brevet\u00e9e.<br \/>\nCe robot de banderolage automoteur, con\u00e7u pour emballer des charges de diff\u00e9rentes grosseurs et poids , a un encombrement compacte et un poids r\u00e9duit ansi il est tr\u00e9s facile \u00e0 manoeuvrer (c\u2019est encore plus facile \u00e0 manoeuvrer gr\u00e2ce \u00e0 un syst\u00e8me de d\u00e9placement avec commandes \u00e0 boutons) et il fonctionne dans un espace de travail de seulement 75 cm autour des charges parce qu\u2019il utilise un SYST\u00c8ME DE MANOEUVRE \u00c9LECTRIQUE PAT et un SYST\u00c8ME sophistiqu\u00e9 de GUIDAGE autour de la charge par roue de contact, ainsi il peut travailler dans des espaces r\u00e9duits, plus r\u00e9duits que les autres robots de banderolage.<\/p>\n","protected":false},"featured_media":15687,"template":"","meta":{"_acf_changed":false,"_seopress_robots_primary_cat":"","_seopress_titles_title":"Robot de Banderolage LEONARDO | ITALDIBIPACK","_seopress_titles_desc":"Leonardo est le robot automoteur pour le banderolage de palettes avec film \u00e9tirable. Innovant, compact et facile \u00e0 utiliser.","_seopress_robots_index":"","_eb_attr":"","_gspb_post_css":"","_kad_blocks_custom_css":"","_kad_blocks_head_custom_js":"","_kad_blocks_body_custom_js":"","_kad_blocks_footer_custom_js":"","_eb_data_table":"","_kad_post_transparent":"default","_kad_post_title":"","_kad_post_layout":"default","_kad_post_sidebar_id":"","_kad_post_content_style":"default","_kad_post_vertical_padding":"default","_kad_post_feature":"","_kad_post_feature_position":"","_kad_post_header":false,"_kad_post_footer":false,"_kad_post_classname":""},"product_brand":[],"product_cat":[320,337],"product_tag":[],"settore_applicazione":[],"campo_applicativo":[],"class_list":{"0":"post-1211","1":"product","2":"type-product","3":"status-publish","4":"has-post-thumbnail","6":"product_cat-banderolage-paletise","7":"product_cat-robot-banderoleur-de-palettes","9":"first","10":"instock","11":"taxable","12":"shipping-taxable","13":"product-type-simple","14":"entry","15":"content-bg","16":"loop-entry"},"acf":[],"taxonomy_info":{"product_cat":[{"value":320,"label":"Banderolage paletis\u00e9"},{"value":337,"label":"Robot banderoleur de palettes"}]},"featured_image_src_large":["https:\/\/www.italdibipack.com\/wp-content\/uploads\/2024\/02\/LEONARDO-avvolgitori-avvolgitori-robotizzati-ITALDIBIPACK-griglia-1024x1024.jpg",1024,1024,true],"author_info":[],"comment_info":"","_links":{"self":[{"href":"https:\/\/www.italdibipack.com\/fr\/wp-json\/wp\/v2\/product\/1211","targetHints":{"allow":["GET"]}}],"collection":[{"href":"https:\/\/www.italdibipack.com\/fr\/wp-json\/wp\/v2\/product"}],"about":[{"href":"https:\/\/www.italdibipack.com\/fr\/wp-json\/wp\/v2\/types\/product"}],"wp:featuredmedia":[{"embeddable":true,"href":"https:\/\/www.italdibipack.com\/fr\/wp-json\/wp\/v2\/media\/15687"}],"wp:attachment":[{"href":"https:\/\/www.italdibipack.com\/fr\/wp-json\/wp\/v2\/media?parent=1211"}],"wp:term":[{"taxonomy":"product_brand","embeddable":true,"href":"https:\/\/www.italdibipack.com\/fr\/wp-json\/wp\/v2\/product_brand?post=1211"},{"taxonomy":"product_cat","embeddable":true,"href":"https:\/\/www.italdibipack.com\/fr\/wp-json\/wp\/v2\/product_cat?post=1211"},{"taxonomy":"product_tag","embeddable":true,"href":"https:\/\/www.italdibipack.com\/fr\/wp-json\/wp\/v2\/product_tag?post=1211"},{"taxonomy":"settore_applicazione","embeddable":true,"href":"https:\/\/www.italdibipack.com\/fr\/wp-json\/wp\/v2\/settore_applicazione?post=1211"},{"taxonomy":"campo_applicativo","embeddable":true,"href":"https:\/\/www.italdibipack.com\/fr\/wp-json\/wp\/v2\/campo_applicativo?post=1211"}],"curies":[{"name":"wp","href":"https:\/\/api.w.org\/{rel}","templated":true}]}}