{"id":1213,"date":"2022-06-15T15:13:57","date_gmt":"2022-07-04T15:52:04","guid":{"rendered":"https:\/\/italdibipack.bozzaonline.it\/prodotto\/leonardo-sp\/"},"modified":"2024-09-20T15:52:37","modified_gmt":"2024-09-20T15:52:37","slug":"leonardo-sp","status":"publish","type":"product","link":"https:\/\/www.italdibipack.com\/fr\/produit\/leonardo-sp\/","title":{"rendered":"LEONARDO SP"},"content":{"rendered":"","protected":false},"excerpt":{"rendered":"<h3>LE ROBOT DE BANDEROLAGE DE PALETTES LE PLUS RAPIDE AU MONDE<\/h3>\n<p>LA SURFACE DE TRAVAIL LA PLUS REDUITE AVEC\u00a0LA PLUS GRANDE VELOCITE<\/p>\n<p><strong>Id\u00e9al pour:<\/strong><\/p>\n<p>QUALITE<br \/>\nFONCTIONNALITE<br \/>\nAVANTAGE DE PRODUCTIVITE<br \/>\nMANOEUVRABILITE<\/p>\n<p><strong>\u201c\u00a0LE MEILLEUR EST ARRIVE\u201d<\/strong><\/p>\n","protected":false},"featured_media":15702,"template":"","meta":{"_acf_changed":false,"_seopress_robots_primary_cat":"","_seopress_titles_title":"Robot de Banderolage LEONARDO SP | ITALDIBIPACK","_seopress_titles_desc":"Version sp\u00e9ciale du robot Leonardo pour des besoins sp\u00e9cifiques de banderolage. Technologie et fiabilit\u00e9 ITALDIBIPACK.","_seopress_robots_index":"","_eb_attr":"","_gspb_post_css":"","_kad_blocks_custom_css":"","_kad_blocks_head_custom_js":"","_kad_blocks_body_custom_js":"","_kad_blocks_footer_custom_js":"","_eb_data_table":"","_kad_post_transparent":"default","_kad_post_title":"","_kad_post_layout":"default","_kad_post_sidebar_id":"","_kad_post_content_style":"default","_kad_post_vertical_padding":"default","_kad_post_feature":"","_kad_post_feature_position":"","_kad_post_header":false,"_kad_post_footer":false,"_kad_post_classname":""},"product_brand":[],"product_cat":[320,337],"product_tag":[],"settore_applicazione":[],"campo_applicativo":[],"class_list":{"0":"post-1213","1":"product","2":"type-product","3":"status-publish","4":"has-post-thumbnail","6":"product_cat-banderolage-paletise","7":"product_cat-robot-banderoleur-de-palettes","9":"first","10":"instock","11":"taxable","12":"shipping-taxable","13":"product-type-simple","14":"entry","15":"content-bg","16":"loop-entry"},"acf":[],"taxonomy_info":{"product_cat":[{"value":320,"label":"Banderolage paletis\u00e9"},{"value":337,"label":"Robot banderoleur de palettes"}]},"featured_image_src_large":["https:\/\/www.italdibipack.com\/wp-content\/uploads\/2024\/02\/LEONARDO-SP-avvolgitori-avvolgitori-robotizzati-ITALDIBIPACK-griglia-1024x1024.jpg",1024,1024,true],"author_info":[],"comment_info":"","_links":{"self":[{"href":"https:\/\/www.italdibipack.com\/fr\/wp-json\/wp\/v2\/product\/1213","targetHints":{"allow":["GET"]}}],"collection":[{"href":"https:\/\/www.italdibipack.com\/fr\/wp-json\/wp\/v2\/product"}],"about":[{"href":"https:\/\/www.italdibipack.com\/fr\/wp-json\/wp\/v2\/types\/product"}],"wp:featuredmedia":[{"embeddable":true,"href":"https:\/\/www.italdibipack.com\/fr\/wp-json\/wp\/v2\/media\/15702"}],"wp:attachment":[{"href":"https:\/\/www.italdibipack.com\/fr\/wp-json\/wp\/v2\/media?parent=1213"}],"wp:term":[{"taxonomy":"product_brand","embeddable":true,"href":"https:\/\/www.italdibipack.com\/fr\/wp-json\/wp\/v2\/product_brand?post=1213"},{"taxonomy":"product_cat","embeddable":true,"href":"https:\/\/www.italdibipack.com\/fr\/wp-json\/wp\/v2\/product_cat?post=1213"},{"taxonomy":"product_tag","embeddable":true,"href":"https:\/\/www.italdibipack.com\/fr\/wp-json\/wp\/v2\/product_tag?post=1213"},{"taxonomy":"settore_applicazione","embeddable":true,"href":"https:\/\/www.italdibipack.com\/fr\/wp-json\/wp\/v2\/settore_applicazione?post=1213"},{"taxonomy":"campo_applicativo","embeddable":true,"href":"https:\/\/www.italdibipack.com\/fr\/wp-json\/wp\/v2\/campo_applicativo?post=1213"}],"curies":[{"name":"wp","href":"https:\/\/api.w.org\/{rel}","templated":true}]}}