{"id":1214,"date":"2022-06-15T15:13:57","date_gmt":"2022-07-04T15:52:04","guid":{"rendered":"https:\/\/italdibipack.bozzaonline.it\/prodotto\/robot-cosmo\/"},"modified":"2024-09-20T15:53:43","modified_gmt":"2024-09-20T15:53:43","slug":"robot-cosmo","status":"publish","type":"product","link":"https:\/\/www.italdibipack.com\/fr\/produit\/robot-cosmo\/","title":{"rendered":"ROBOT COSMO"},"content":{"rendered":"","protected":false},"excerpt":{"rendered":"<h3>LE ROBOT DE BANDEROLAGE QUI ATTEND CHAQUE PALETTE DANS L\u2019AVENIR!<\/h3>\n<p>LE SEUL ROBOT DE BANDEROLAGE DE PALETTE QUI TOURNE AUTOUR DE LA PALETTE SANS LA TOUCHER<\/p>\n<p>Grace \u00e0 un syst\u00e8me directionnel brevet\u00e9 le COSMO est le seul robot au monde capable de tourner autour des palettes sans contacts directs COSMO est la solution optimal pour chaque type de palette, m\u00eame pour des palettes \u00e0 la base irr\u00e9guli\u00e8re (due aux chargements ou \u00e0 la palette elle-m\u00eame) o\u00f9 la roue de guidage des robots classiques peut se bloquer.<\/p>\n","protected":false},"featured_media":15227,"template":"","meta":{"_acf_changed":false,"_seopress_robots_primary_cat":"","_seopress_titles_title":"Robot de Banderolage COSMO | ITALDIBIPACK","_seopress_titles_desc":"Le robot de banderolage automoteur COSMO assure la stabilit\u00e9 et la protection de vos charges palettis\u00e9es.","_seopress_robots_index":"","_eb_attr":"","_gspb_post_css":"","_kad_blocks_custom_css":"","_kad_blocks_head_custom_js":"","_kad_blocks_body_custom_js":"","_kad_blocks_footer_custom_js":"","_eb_data_table":"","_kad_post_transparent":"default","_kad_post_title":"","_kad_post_layout":"default","_kad_post_sidebar_id":"","_kad_post_content_style":"default","_kad_post_vertical_padding":"default","_kad_post_feature":"","_kad_post_feature_position":"","_kad_post_header":false,"_kad_post_footer":false,"_kad_post_classname":""},"product_brand":[],"product_cat":[320,337],"product_tag":[],"settore_applicazione":[],"campo_applicativo":[],"class_list":{"0":"post-1214","1":"product","2":"type-product","3":"status-publish","4":"has-post-thumbnail","6":"product_cat-banderolage-paletise","7":"product_cat-robot-banderoleur-de-palettes","9":"first","10":"instock","11":"taxable","12":"shipping-taxable","13":"product-type-simple","14":"entry","15":"content-bg","16":"loop-entry"},"acf":[],"taxonomy_info":{"product_cat":[{"value":320,"label":"Banderolage paletis\u00e9"},{"value":337,"label":"Robot banderoleur de palettes"}]},"featured_image_src_large":["https:\/\/www.italdibipack.com\/wp-content\/uploads\/2024\/02\/COSMO-avvolgitori-avvolgitori-robotizzati-ITALDIBIPACK-griglia-1024x1024.jpg",1024,1024,true],"author_info":[],"comment_info":"","_links":{"self":[{"href":"https:\/\/www.italdibipack.com\/fr\/wp-json\/wp\/v2\/product\/1214","targetHints":{"allow":["GET"]}}],"collection":[{"href":"https:\/\/www.italdibipack.com\/fr\/wp-json\/wp\/v2\/product"}],"about":[{"href":"https:\/\/www.italdibipack.com\/fr\/wp-json\/wp\/v2\/types\/product"}],"wp:featuredmedia":[{"embeddable":true,"href":"https:\/\/www.italdibipack.com\/fr\/wp-json\/wp\/v2\/media\/15227"}],"wp:attachment":[{"href":"https:\/\/www.italdibipack.com\/fr\/wp-json\/wp\/v2\/media?parent=1214"}],"wp:term":[{"taxonomy":"product_brand","embeddable":true,"href":"https:\/\/www.italdibipack.com\/fr\/wp-json\/wp\/v2\/product_brand?post=1214"},{"taxonomy":"product_cat","embeddable":true,"href":"https:\/\/www.italdibipack.com\/fr\/wp-json\/wp\/v2\/product_cat?post=1214"},{"taxonomy":"product_tag","embeddable":true,"href":"https:\/\/www.italdibipack.com\/fr\/wp-json\/wp\/v2\/product_tag?post=1214"},{"taxonomy":"settore_applicazione","embeddable":true,"href":"https:\/\/www.italdibipack.com\/fr\/wp-json\/wp\/v2\/settore_applicazione?post=1214"},{"taxonomy":"campo_applicativo","embeddable":true,"href":"https:\/\/www.italdibipack.com\/fr\/wp-json\/wp\/v2\/campo_applicativo?post=1214"}],"curies":[{"name":"wp","href":"https:\/\/api.w.org\/{rel}","templated":true}]}}