{"id":1216,"date":"2022-06-15T15:13:57","date_gmt":"2022-07-04T15:52:04","guid":{"rendered":"https:\/\/italdibipack.bozzaonline.it\/prodotto\/ecospir-ev\/"},"modified":"2025-03-12T09:50:49","modified_gmt":"2025-03-12T09:50:49","slug":"ecospir-ev","status":"publish","type":"product","link":"https:\/\/www.italdibipack.com\/fr\/produit\/ecospir-ev\/","title":{"rendered":"ECOSPIR EV"},"content":{"rendered":"","protected":false},"excerpt":{"rendered":"<h3>LA SOLUTION PLUS SIMPLE ET MOINS CH\u00c8RE POUR LES BESOINS DE BANDEROLAGE<\/h3>\n<p>ITALDIBIPACK est fi\u00e8re d&rsquo;annoncer ECOSPIR EV, une nouveaut\u00e9 tr\u00e8s int\u00e9ressante dans sa gamme de machines pour le banderolage de palettes avec le but de rendre son offre encore plus comp\u00e9titive en termes de qualit\u00e9, de performance, de flexibilit\u00e9 &#8230; et de prix!<br \/>\nLes mod\u00e8les ECOSPIR ELC \/ S-X et ECOSPIR IDX ont \u00e9t\u00e9s d\u00e9sormais remplac\u00e9s par un mod\u00e8le unique: ECOSPIR EV, disponible en diff\u00e9rentes versions et ex\u00e9cutions.<\/p>\n","protected":false},"featured_media":15492,"template":"","meta":{"_acf_changed":false,"_seopress_robots_primary_cat":"none","_seopress_titles_title":"ECOSPIR EV: Banderoleuse \u00e0 Plateau | ITALDIBIPACK","_seopress_titles_desc":"La solution la plus simple et \u00e9conomique pour le banderolage de palettes. Plateau rotatif fiable et facile d'utilisation.","_seopress_robots_index":"","_eb_attr":"","_gspb_post_css":"","_kad_blocks_custom_css":"","_kad_blocks_head_custom_js":"","_kad_blocks_body_custom_js":"","_kad_blocks_footer_custom_js":"","_eb_data_table":"","_kad_post_transparent":"default","_kad_post_title":"","_kad_post_layout":"default","_kad_post_sidebar_id":"","_kad_post_content_style":"default","_kad_post_vertical_padding":"default","_kad_post_feature":"","_kad_post_feature_position":"","_kad_post_header":false,"_kad_post_footer":false,"_kad_post_classname":""},"product_brand":[],"product_cat":[111,320],"product_tag":[],"settore_applicazione":[],"campo_applicativo":[],"class_list":{"0":"post-1216","1":"product","2":"type-product","3":"status-publish","4":"has-post-thumbnail","6":"product_cat-banderolage-a-table-tournante","7":"product_cat-banderolage-paletise","9":"first","10":"instock","11":"taxable","12":"shipping-taxable","13":"purchasable","14":"product-type-simple","15":"entry","16":"content-bg","17":"loop-entry"},"acf":[],"taxonomy_info":{"product_cat":[{"value":111,"label":"Banderolage \u00e0 table tournante"},{"value":320,"label":"Banderolage paletis\u00e9"}]},"featured_image_src_large":["https:\/\/www.italdibipack.com\/wp-content\/uploads\/2024\/02\/ECOSPIR-EV-avvolgitori-avvolgitori-a-tavola-rotante-ITALDIBIPACK-griglia-1024x1024.jpg",1024,1024,true],"author_info":[],"comment_info":"","_links":{"self":[{"href":"https:\/\/www.italdibipack.com\/fr\/wp-json\/wp\/v2\/product\/1216","targetHints":{"allow":["GET"]}}],"collection":[{"href":"https:\/\/www.italdibipack.com\/fr\/wp-json\/wp\/v2\/product"}],"about":[{"href":"https:\/\/www.italdibipack.com\/fr\/wp-json\/wp\/v2\/types\/product"}],"wp:featuredmedia":[{"embeddable":true,"href":"https:\/\/www.italdibipack.com\/fr\/wp-json\/wp\/v2\/media\/15492"}],"wp:attachment":[{"href":"https:\/\/www.italdibipack.com\/fr\/wp-json\/wp\/v2\/media?parent=1216"}],"wp:term":[{"taxonomy":"product_brand","embeddable":true,"href":"https:\/\/www.italdibipack.com\/fr\/wp-json\/wp\/v2\/product_brand?post=1216"},{"taxonomy":"product_cat","embeddable":true,"href":"https:\/\/www.italdibipack.com\/fr\/wp-json\/wp\/v2\/product_cat?post=1216"},{"taxonomy":"product_tag","embeddable":true,"href":"https:\/\/www.italdibipack.com\/fr\/wp-json\/wp\/v2\/product_tag?post=1216"},{"taxonomy":"settore_applicazione","embeddable":true,"href":"https:\/\/www.italdibipack.com\/fr\/wp-json\/wp\/v2\/settore_applicazione?post=1216"},{"taxonomy":"campo_applicativo","embeddable":true,"href":"https:\/\/www.italdibipack.com\/fr\/wp-json\/wp\/v2\/campo_applicativo?post=1216"}],"curies":[{"name":"wp","href":"https:\/\/api.w.org\/{rel}","templated":true}]}}