{"id":1217,"date":"2022-06-15T15:13:57","date_gmt":"2022-07-04T15:52:04","guid":{"rendered":"https:\/\/italdibipack.bozzaonline.it\/prodotto\/ecospir-fa\/"},"modified":"2024-09-20T15:57:57","modified_gmt":"2024-09-20T15:57:57","slug":"ecospir-fa","status":"publish","type":"product","link":"https:\/\/www.italdibipack.com\/fr\/produit\/ecospir-fa\/","title":{"rendered":"ECOSPIR FA"},"content":{"rendered":"","protected":false},"excerpt":{"rendered":"<h3>Id\u00e9ale quand les palettes \u00e0 banderoler sont vraiment nombreuses<\/h3>\n<p>Cette banderoleuse offre tous les advantages des diff\u00e9rents mod\u00e8les de la ligne Ecospir, mais en plus elle n\u2019exige pas la pr\u00e9sence de l\u2019op\u00e9rateur en lieu qui, en fait, peut contr\u00f4ler cette machine \u00e0 distance via une t\u00e9l\u00e9commande tout en effectuant une autre t\u00e2che. Toutes les phases d&#8217;emballage, depuis l&rsquo;accrochage du film jusqu&rsquo;\u00e0 sa d\u00e9coupe apr\u00e8s la fin du cycle, sont automatiques. Id\u00e9al pour les r\u00e9alit\u00e9s industrielles avec un nombre d\u00e9cid\u00e9ment important de palettes \u00e0 emballer.<\/p>\n","protected":false},"featured_media":15507,"template":"","meta":{"_acf_changed":false,"_seopress_robots_primary_cat":"","_seopress_titles_title":"ECOSPIR FA: Banderoleuse Automatique | ITALDIBIPACK","_seopress_titles_desc":"Banderoleuse automatique \u00e0 plateau rotatif pour lignes d'emballage \u00e0 haute productivit\u00e9. Automatisation et s\u00e9curit\u00e9.","_seopress_robots_index":"","_eb_attr":"","_gspb_post_css":"","_kad_blocks_custom_css":"","_kad_blocks_head_custom_js":"","_kad_blocks_body_custom_js":"","_kad_blocks_footer_custom_js":"","_eb_data_table":"","_kad_post_transparent":"default","_kad_post_title":"","_kad_post_layout":"default","_kad_post_sidebar_id":"","_kad_post_content_style":"default","_kad_post_vertical_padding":"default","_kad_post_feature":"","_kad_post_feature_position":"","_kad_post_header":false,"_kad_post_footer":false,"_kad_post_classname":""},"product_brand":[],"product_cat":[111,320],"product_tag":[],"settore_applicazione":[],"campo_applicativo":[],"class_list":{"0":"post-1217","1":"product","2":"type-product","3":"status-publish","4":"has-post-thumbnail","6":"product_cat-banderolage-a-table-tournante","7":"product_cat-banderolage-paletise","9":"first","10":"instock","11":"taxable","12":"shipping-taxable","13":"product-type-simple","14":"entry","15":"content-bg","16":"loop-entry"},"acf":[],"taxonomy_info":{"product_cat":[{"value":111,"label":"Banderolage \u00e0 table tournante"},{"value":320,"label":"Banderolage paletis\u00e9"}]},"featured_image_src_large":["https:\/\/www.italdibipack.com\/wp-content\/uploads\/2024\/02\/ECOSPIR-FA-avvolgitori-avvolgitori-a-tavola-rotante-ITALDIBIPACK-griglia-1024x1024.jpg",1024,1024,true],"author_info":[],"comment_info":"","_links":{"self":[{"href":"https:\/\/www.italdibipack.com\/fr\/wp-json\/wp\/v2\/product\/1217","targetHints":{"allow":["GET"]}}],"collection":[{"href":"https:\/\/www.italdibipack.com\/fr\/wp-json\/wp\/v2\/product"}],"about":[{"href":"https:\/\/www.italdibipack.com\/fr\/wp-json\/wp\/v2\/types\/product"}],"wp:featuredmedia":[{"embeddable":true,"href":"https:\/\/www.italdibipack.com\/fr\/wp-json\/wp\/v2\/media\/15507"}],"wp:attachment":[{"href":"https:\/\/www.italdibipack.com\/fr\/wp-json\/wp\/v2\/media?parent=1217"}],"wp:term":[{"taxonomy":"product_brand","embeddable":true,"href":"https:\/\/www.italdibipack.com\/fr\/wp-json\/wp\/v2\/product_brand?post=1217"},{"taxonomy":"product_cat","embeddable":true,"href":"https:\/\/www.italdibipack.com\/fr\/wp-json\/wp\/v2\/product_cat?post=1217"},{"taxonomy":"product_tag","embeddable":true,"href":"https:\/\/www.italdibipack.com\/fr\/wp-json\/wp\/v2\/product_tag?post=1217"},{"taxonomy":"settore_applicazione","embeddable":true,"href":"https:\/\/www.italdibipack.com\/fr\/wp-json\/wp\/v2\/settore_applicazione?post=1217"},{"taxonomy":"campo_applicativo","embeddable":true,"href":"https:\/\/www.italdibipack.com\/fr\/wp-json\/wp\/v2\/campo_applicativo?post=1217"}],"curies":[{"name":"wp","href":"https:\/\/api.w.org\/{rel}","templated":true}]}}