{"id":1219,"date":"2022-06-15T15:13:57","date_gmt":"2022-07-04T15:52:04","guid":{"rendered":"https:\/\/italdibipack.bozzaonline.it\/prodotto\/ecospir-matic\/"},"modified":"2024-09-20T16:01:03","modified_gmt":"2024-09-20T16:01:03","slug":"ecospir-matic","status":"publish","type":"product","link":"https:\/\/www.italdibipack.com\/fr\/produit\/ecospir-matic\/","title":{"rendered":"ECOSPIR MATIC"},"content":{"rendered":"","protected":false},"excerpt":{"rendered":"<h3>BANDEROLEUSE AVEC CYCLE DE BANDEROLAGE COMPLETEMENT AUTOMATIQUE<\/h3>\n<p>Pour \u00e9largir encore plus la gamme des syst\u00e8mes de banderolage, le Groupe Italdibipack a introduit une NOUVELLE banderoleuse qui fonctionne \u00e9lectriquement (sans air comprim\u00e9) et qui est \u00e9quip\u00e9 d\u2019un syst\u00e8me exclusif pour l\u2019accrochage et la coupe du film \u00e9tirable PAT ainsi que le cycle de banderolage est compl\u00e8tement automatique.<\/p>\n","protected":false},"featured_media":15537,"template":"","meta":{"_acf_changed":false,"_seopress_robots_primary_cat":"","_seopress_titles_title":"ECOSPIR MATIC: Banderoleuse de Palettes | ITALDIBIPACK","_seopress_titles_desc":"Banderoleuse de palettes enti\u00e8rement automatique pour maximiser l'efficacit\u00e9 en fin de ligne.","_seopress_robots_index":"","_eb_attr":"","_gspb_post_css":"","_kad_blocks_custom_css":"","_kad_blocks_head_custom_js":"","_kad_blocks_body_custom_js":"","_kad_blocks_footer_custom_js":"","_eb_data_table":"","_kad_post_transparent":"default","_kad_post_title":"","_kad_post_layout":"default","_kad_post_sidebar_id":"","_kad_post_content_style":"default","_kad_post_vertical_padding":"default","_kad_post_feature":"","_kad_post_feature_position":"","_kad_post_header":false,"_kad_post_footer":false,"_kad_post_classname":""},"product_brand":[],"product_cat":[111,320],"product_tag":[],"settore_applicazione":[],"campo_applicativo":[],"class_list":{"0":"post-1219","1":"product","2":"type-product","3":"status-publish","4":"has-post-thumbnail","6":"product_cat-banderolage-a-table-tournante","7":"product_cat-banderolage-paletise","9":"first","10":"instock","11":"taxable","12":"shipping-taxable","13":"product-type-simple","14":"entry","15":"content-bg","16":"loop-entry"},"acf":[],"taxonomy_info":{"product_cat":[{"value":111,"label":"Banderolage \u00e0 table tournante"},{"value":320,"label":"Banderolage paletis\u00e9"}]},"featured_image_src_large":["https:\/\/www.italdibipack.com\/wp-content\/uploads\/2024\/02\/ECOSPIR-MATIC-avvolgitori-avvolgitori-a-tavola-rotante-ITALDIBIPACK-griglia-1024x1024.jpg",1024,1024,true],"author_info":[],"comment_info":"","_links":{"self":[{"href":"https:\/\/www.italdibipack.com\/fr\/wp-json\/wp\/v2\/product\/1219","targetHints":{"allow":["GET"]}}],"collection":[{"href":"https:\/\/www.italdibipack.com\/fr\/wp-json\/wp\/v2\/product"}],"about":[{"href":"https:\/\/www.italdibipack.com\/fr\/wp-json\/wp\/v2\/types\/product"}],"wp:featuredmedia":[{"embeddable":true,"href":"https:\/\/www.italdibipack.com\/fr\/wp-json\/wp\/v2\/media\/15537"}],"wp:attachment":[{"href":"https:\/\/www.italdibipack.com\/fr\/wp-json\/wp\/v2\/media?parent=1219"}],"wp:term":[{"taxonomy":"product_brand","embeddable":true,"href":"https:\/\/www.italdibipack.com\/fr\/wp-json\/wp\/v2\/product_brand?post=1219"},{"taxonomy":"product_cat","embeddable":true,"href":"https:\/\/www.italdibipack.com\/fr\/wp-json\/wp\/v2\/product_cat?post=1219"},{"taxonomy":"product_tag","embeddable":true,"href":"https:\/\/www.italdibipack.com\/fr\/wp-json\/wp\/v2\/product_tag?post=1219"},{"taxonomy":"settore_applicazione","embeddable":true,"href":"https:\/\/www.italdibipack.com\/fr\/wp-json\/wp\/v2\/settore_applicazione?post=1219"},{"taxonomy":"campo_applicativo","embeddable":true,"href":"https:\/\/www.italdibipack.com\/fr\/wp-json\/wp\/v2\/campo_applicativo?post=1219"}],"curies":[{"name":"wp","href":"https:\/\/api.w.org\/{rel}","templated":true}]}}