{"id":1222,"date":"2022-06-15T15:13:57","date_gmt":"2022-07-04T15:52:04","guid":{"rendered":"https:\/\/italdibipack.bozzaonline.it\/prodotto\/nastropack-np-05-ev\/"},"modified":"2024-09-20T16:12:19","modified_gmt":"2024-09-20T16:12:19","slug":"nastropack-np-05-ev","status":"publish","type":"product","link":"https:\/\/www.italdibipack.com\/fr\/produit\/nastropack-np-05-ev\/","title":{"rendered":"NASTROPACK NP 05 EV"},"content":{"rendered":"","protected":false},"excerpt":{"rendered":"<h3>ADHESIVAGE PROFESSIONNEL \u2013 ADHESIVEUSE POUR CARTONS A FORMES FIXES<\/h3>\n<p>La NASTROPACK 05 EV est la solution id\u00e9ale pour fermer automatiquement les cartons \u00e0 forme fixe(cartons avec largeur et hauteur constantes). Un dispositif pneumatique abaisse automatiquement les rabats sup\u00e9rieures de la boite, il n\u2019est pas necessaire la presence d\u2019un op\u00e9rateur, donc la machine peut \u00eatre plac\u00e9e dans une ligne automatique d\u2019emballage.Deux simples et rapides r\u00e9glages sont suffisants pour fixer la hauteur et la largeur du travail. Destin\u00e9es \u00e0 fermer les cartons en largeur et en hauteur maximum de 50 cm.<\/p>\n<p>Utilisant des rubans adh\u00e9sifs PP avec une largeur jusqu\u2019\u00e0 60 mm et un diam\u00e9tre de 75 mm<\/p>\n<p>Machine con\u00e7ue selon les normes de la CE<\/p>\n","protected":false},"featured_media":16417,"template":"","meta":{"_acf_changed":false,"_seopress_robots_primary_cat":"","_seopress_titles_title":"NASTROPACK NP 05 EV: Fermeuse en Ligne | ITALDIBIPACK","_seopress_titles_desc":"Fermeuse de caisses automatique haute performance pour lignes d'emballage continues. Efficacit\u00e9 garantie.","_seopress_robots_index":"","_eb_attr":"","_gspb_post_css":"","_kad_blocks_custom_css":"","_kad_blocks_head_custom_js":"","_kad_blocks_body_custom_js":"","_kad_blocks_footer_custom_js":"","_eb_data_table":"","_kad_post_transparent":"default","_kad_post_title":"","_kad_post_layout":"default","_kad_post_sidebar_id":"","_kad_post_content_style":"default","_kad_post_vertical_padding":"default","_kad_post_feature":"","_kad_post_feature_position":"","_kad_post_header":false,"_kad_post_footer":false,"_kad_post_classname":""},"product_brand":[],"product_cat":[343],"product_tag":[],"settore_applicazione":[],"campo_applicativo":[],"class_list":{"0":"post-1222","1":"product","2":"type-product","3":"status-publish","4":"has-post-thumbnail","6":"product_cat-scotcheuse-de-carton","8":"first","9":"instock","10":"taxable","11":"shipping-taxable","12":"product-type-simple","13":"entry","14":"content-bg","15":"loop-entry"},"acf":[],"taxonomy_info":{"product_cat":[{"value":343,"label":"Scotcheuse de carton"}]},"featured_image_src_large":["https:\/\/www.italdibipack.com\/wp-content\/uploads\/2024\/02\/NASTROPACK-NP-05-EV-nastratrici-ITALDIBIPACK-griglia-1024x1024.jpg",1024,1024,true],"author_info":[],"comment_info":"","_links":{"self":[{"href":"https:\/\/www.italdibipack.com\/fr\/wp-json\/wp\/v2\/product\/1222","targetHints":{"allow":["GET"]}}],"collection":[{"href":"https:\/\/www.italdibipack.com\/fr\/wp-json\/wp\/v2\/product"}],"about":[{"href":"https:\/\/www.italdibipack.com\/fr\/wp-json\/wp\/v2\/types\/product"}],"wp:featuredmedia":[{"embeddable":true,"href":"https:\/\/www.italdibipack.com\/fr\/wp-json\/wp\/v2\/media\/16417"}],"wp:attachment":[{"href":"https:\/\/www.italdibipack.com\/fr\/wp-json\/wp\/v2\/media?parent=1222"}],"wp:term":[{"taxonomy":"product_brand","embeddable":true,"href":"https:\/\/www.italdibipack.com\/fr\/wp-json\/wp\/v2\/product_brand?post=1222"},{"taxonomy":"product_cat","embeddable":true,"href":"https:\/\/www.italdibipack.com\/fr\/wp-json\/wp\/v2\/product_cat?post=1222"},{"taxonomy":"product_tag","embeddable":true,"href":"https:\/\/www.italdibipack.com\/fr\/wp-json\/wp\/v2\/product_tag?post=1222"},{"taxonomy":"settore_applicazione","embeddable":true,"href":"https:\/\/www.italdibipack.com\/fr\/wp-json\/wp\/v2\/settore_applicazione?post=1222"},{"taxonomy":"campo_applicativo","embeddable":true,"href":"https:\/\/www.italdibipack.com\/fr\/wp-json\/wp\/v2\/campo_applicativo?post=1222"}],"curies":[{"name":"wp","href":"https:\/\/api.w.org\/{rel}","templated":true}]}}