{"id":1224,"date":"2022-06-15T15:13:57","date_gmt":"2022-07-04T15:52:04","guid":{"rendered":"https:\/\/italdibipack.bozzaonline.it\/prodotto\/nastropack-np-01-lc-ev\/"},"modified":"2024-11-22T17:46:51","modified_gmt":"2024-11-22T17:46:51","slug":"nastropack-np-01-lc-ev","status":"publish","type":"product","link":"https:\/\/www.italdibipack.com\/fr\/produit\/nastropack-np-01-lc-ev\/","title":{"rendered":"NASTROPACK NP 01 LC EV"},"content":{"rendered":"","protected":false},"excerpt":{"rendered":"<h3>ADHESIVEUSE POUR CARTONS A FORME FIXE<\/h3>\n<p>NASTROPACK NP 01 LC EV est la solution id\u00e9ale pour fermer automatiquement les cartons \u00e0 forme fixe(cartons avec largeur et hauteur constantes). Deux simples et rapides r\u00e9glages sont suffisants pour fixer la hauteur et la largeur de travail permettant la fermeture des rabats sup\u00e9rieurs et inf\u00e9rieurs des boites (qui doivent \u00eatre introduite dans la machine avec les rabats sup\u00e9rieurs d\u00e9j\u00e0 ferm\u00e9s). Destin\u00e9es \u00e0 fermer les cartons en largeur et en hauteur maximum de 48 cm.<\/p>\n<p>Utilisant des rubans adh\u00e9sifs PP de largeur jusqu\u2019\u00e0 60 mm et de diam\u00e9tre 75 mm<\/p>\n<p>Machine con\u00e7ue selon les normes de la CE<\/p>\n","protected":false},"featured_media":16362,"template":"","meta":{"_acf_changed":false,"_seopress_robots_primary_cat":"none","_seopress_titles_title":"NASTROPACK NP 01 LC EV: Fermeuse Manuelle | ITALDIBIPACK","_seopress_titles_desc":"Fermeuse de caisses semiautomatique pour ruban adh\u00e9sif. R\u00e9glage manuel simple et rapide.","_seopress_robots_index":"","_eb_attr":"","_gspb_post_css":"","_kad_blocks_custom_css":"","_kad_blocks_head_custom_js":"","_kad_blocks_body_custom_js":"","_kad_blocks_footer_custom_js":"","_eb_data_table":"","_kad_post_transparent":"default","_kad_post_title":"","_kad_post_layout":"default","_kad_post_sidebar_id":"","_kad_post_content_style":"default","_kad_post_vertical_padding":"default","_kad_post_feature":"","_kad_post_feature_position":"","_kad_post_header":false,"_kad_post_footer":false,"_kad_post_classname":""},"product_brand":[],"product_cat":[343],"product_tag":[],"settore_applicazione":[],"campo_applicativo":[],"class_list":{"0":"post-1224","1":"product","2":"type-product","3":"status-publish","4":"has-post-thumbnail","6":"product_cat-scotcheuse-de-carton","8":"first","9":"instock","10":"taxable","11":"shipping-taxable","12":"purchasable","13":"product-type-simple","14":"entry","15":"content-bg","16":"loop-entry"},"acf":[],"taxonomy_info":{"product_cat":[{"value":343,"label":"Scotcheuse de carton"}]},"featured_image_src_large":["https:\/\/www.italdibipack.com\/wp-content\/uploads\/2024\/02\/NASTROPACK-NP-01-LC-EV-nastratrici-ITALDIBIPACK-griglia-1024x1024.jpg",1024,1024,true],"author_info":[],"comment_info":"","_links":{"self":[{"href":"https:\/\/www.italdibipack.com\/fr\/wp-json\/wp\/v2\/product\/1224","targetHints":{"allow":["GET"]}}],"collection":[{"href":"https:\/\/www.italdibipack.com\/fr\/wp-json\/wp\/v2\/product"}],"about":[{"href":"https:\/\/www.italdibipack.com\/fr\/wp-json\/wp\/v2\/types\/product"}],"wp:featuredmedia":[{"embeddable":true,"href":"https:\/\/www.italdibipack.com\/fr\/wp-json\/wp\/v2\/media\/16362"}],"wp:attachment":[{"href":"https:\/\/www.italdibipack.com\/fr\/wp-json\/wp\/v2\/media?parent=1224"}],"wp:term":[{"taxonomy":"product_brand","embeddable":true,"href":"https:\/\/www.italdibipack.com\/fr\/wp-json\/wp\/v2\/product_brand?post=1224"},{"taxonomy":"product_cat","embeddable":true,"href":"https:\/\/www.italdibipack.com\/fr\/wp-json\/wp\/v2\/product_cat?post=1224"},{"taxonomy":"product_tag","embeddable":true,"href":"https:\/\/www.italdibipack.com\/fr\/wp-json\/wp\/v2\/product_tag?post=1224"},{"taxonomy":"settore_applicazione","embeddable":true,"href":"https:\/\/www.italdibipack.com\/fr\/wp-json\/wp\/v2\/settore_applicazione?post=1224"},{"taxonomy":"campo_applicativo","embeddable":true,"href":"https:\/\/www.italdibipack.com\/fr\/wp-json\/wp\/v2\/campo_applicativo?post=1224"}],"curies":[{"name":"wp","href":"https:\/\/api.w.org\/{rel}","templated":true}]}}