{"id":1227,"date":"2022-06-15T15:13:57","date_gmt":"2022-07-04T15:52:04","guid":{"rendered":"https:\/\/italdibipack.bozzaonline.it\/prodotto\/deltareg-aa202x\/"},"modified":"2024-09-20T16:14:53","modified_gmt":"2024-09-20T16:14:53","slug":"deltareg-aa202x","status":"publish","type":"product","link":"https:\/\/www.italdibipack.com\/fr\/produit\/deltareg-aa202x\/","title":{"rendered":"DELTAREG AA202X"},"content":{"rendered":"","protected":false},"excerpt":{"rendered":"<h3>LA CERCLEUSE LA PLUS PRATIQUE ET ECONOMIQUE SUR LE MARCHE\u2019<\/h3>\n<p>Cercleuse semiautomatique standard\u00a0: simple, robuste, \u00e0 faible co\u00fbt d&rsquo; entretien, disponible avec car\u00e9nage ouvert ou ferm\u00e9.<\/p>\n","protected":false},"featured_media":15272,"template":"","meta":{"_acf_changed":false,"_seopress_robots_primary_cat":"","_seopress_titles_title":"DELTAREG AA202X: Emballage Flowpack | ITALDIBIPACK","_seopress_titles_desc":"Machine flowpack horizontale \u00e9lectronique pour emballages flexibles. Pr\u00e9cision et vitesse pour votre entreprise.","_seopress_robots_index":"","_eb_attr":"","_gspb_post_css":"","_kad_blocks_custom_css":"","_kad_blocks_head_custom_js":"","_kad_blocks_body_custom_js":"","_kad_blocks_footer_custom_js":"","_eb_data_table":"","_kad_post_transparent":"default","_kad_post_title":"","_kad_post_layout":"default","_kad_post_sidebar_id":"","_kad_post_content_style":"default","_kad_post_vertical_padding":"default","_kad_post_feature":"","_kad_post_feature_position":"","_kad_post_header":false,"_kad_post_footer":false,"_kad_post_classname":""},"product_brand":[],"product_cat":[114],"product_tag":[],"settore_applicazione":[],"campo_applicativo":[],"class_list":{"0":"post-1227","1":"product","2":"type-product","3":"status-publish","4":"has-post-thumbnail","6":"product_cat-systemes-de-feuillard","8":"first","9":"instock","10":"taxable","11":"shipping-taxable","12":"product-type-simple","13":"entry","14":"content-bg","15":"loop-entry"},"acf":[],"taxonomy_info":{"product_cat":[{"value":114,"label":"Syst\u00e8mes de feuillard"}]},"featured_image_src_large":["https:\/\/www.italdibipack.com\/wp-content\/uploads\/2024\/02\/DELTAREG-AA202X-reggiatrici-ITALDIBIPACK-griglia-1024x1024.jpg",1024,1024,true],"author_info":[],"comment_info":"","_links":{"self":[{"href":"https:\/\/www.italdibipack.com\/fr\/wp-json\/wp\/v2\/product\/1227","targetHints":{"allow":["GET"]}}],"collection":[{"href":"https:\/\/www.italdibipack.com\/fr\/wp-json\/wp\/v2\/product"}],"about":[{"href":"https:\/\/www.italdibipack.com\/fr\/wp-json\/wp\/v2\/types\/product"}],"wp:featuredmedia":[{"embeddable":true,"href":"https:\/\/www.italdibipack.com\/fr\/wp-json\/wp\/v2\/media\/15272"}],"wp:attachment":[{"href":"https:\/\/www.italdibipack.com\/fr\/wp-json\/wp\/v2\/media?parent=1227"}],"wp:term":[{"taxonomy":"product_brand","embeddable":true,"href":"https:\/\/www.italdibipack.com\/fr\/wp-json\/wp\/v2\/product_brand?post=1227"},{"taxonomy":"product_cat","embeddable":true,"href":"https:\/\/www.italdibipack.com\/fr\/wp-json\/wp\/v2\/product_cat?post=1227"},{"taxonomy":"product_tag","embeddable":true,"href":"https:\/\/www.italdibipack.com\/fr\/wp-json\/wp\/v2\/product_tag?post=1227"},{"taxonomy":"settore_applicazione","embeddable":true,"href":"https:\/\/www.italdibipack.com\/fr\/wp-json\/wp\/v2\/settore_applicazione?post=1227"},{"taxonomy":"campo_applicativo","embeddable":true,"href":"https:\/\/www.italdibipack.com\/fr\/wp-json\/wp\/v2\/campo_applicativo?post=1227"}],"curies":[{"name":"wp","href":"https:\/\/api.w.org\/{rel}","templated":true}]}}