{"id":1228,"date":"2022-06-15T15:14:18","date_gmt":"2022-07-04T15:52:04","guid":{"rendered":"https:\/\/italdibipack.bozzaonline.it\/prodotto\/linea-ecopac\/"},"modified":"2024-09-20T15:31:13","modified_gmt":"2024-09-20T15:31:13","slug":"linea-ecopac","status":"publish","type":"product","link":"https:\/\/www.italdibipack.com\/fr\/produit\/linea-ecopac\/","title":{"rendered":"LA GAMME ECOPAC"},"content":{"rendered":"","protected":false},"excerpt":{"rendered":"<h3>LES FARDELEULES COMPACTES, INNOVANTES E ROBUSTES<\/h3>\n<p>La ligne fardeleuse manuelle, compacte, robuste et pratique en divers formats, en mesure d&#8217;emballer d&rsquo;une fa\u00e7on tr\u00e8s simple et \u00e9conomique une vaste gamme de produits (bouteilles, vases, boites, \u00e9tain, flacon, cartons etc..). la solution id\u00e9ale pour les boites, pour conditionner individuellement des pi\u00e8ces en int\u00e9grant et\/ou rempla\u00e7ant en fin de cycle l&rsquo;utilisation de cartons ondul\u00e9s avec un grand avantage du point de vue de la gestion, de l&rsquo;image et des co\u00fbts.La gamme ECOPAC\u00a0pr\u00e9sente les models 500\u00a0et\u00a0650.<\/p>\n","protected":false},"featured_media":15462,"template":"","meta":{"_acf_changed":false,"_seopress_robots_primary_cat":"","_seopress_titles_title":"Gamme ECOPAC: Banderoleuses de Palettes | ITALDIBIPACK","_seopress_titles_desc":"D\u00e9couvrez les meilleures solutions de banderolage de palettes avec la s\u00e9rie ECOPAC. Machines fiables pour une stabilisation s\u00e9curis\u00e9e.","_seopress_robots_index":"","_eb_attr":"","_gspb_post_css":"","_kad_blocks_custom_css":"","_kad_blocks_head_custom_js":"","_kad_blocks_body_custom_js":"","_kad_blocks_footer_custom_js":"","_eb_data_table":"","_kad_post_transparent":"default","_kad_post_title":"","_kad_post_layout":"default","_kad_post_sidebar_id":"","_kad_post_content_style":"default","_kad_post_vertical_padding":"default","_kad_post_feature":"","_kad_post_feature_position":"","_kad_post_header":false,"_kad_post_footer":false,"_kad_post_classname":""},"product_brand":[],"product_cat":[335],"product_tag":[],"settore_applicazione":[],"campo_applicativo":[],"class_list":{"0":"post-1228","1":"product","2":"type-product","3":"status-publish","4":"has-post-thumbnail","6":"product_cat-systemes-de-fardellage-speciaux","8":"first","9":"instock","10":"taxable","11":"shipping-taxable","12":"product-type-simple","13":"entry","14":"content-bg","15":"loop-entry"},"acf":[],"taxonomy_info":{"product_cat":[{"value":335,"label":"Syst\u00e8mes de fardellage &amp; sp\u00e8ciaux"}]},"featured_image_src_large":["https:\/\/www.italdibipack.com\/wp-content\/uploads\/2024\/02\/ECOPAC-650-EV-macchine-confezionatrici-confezionatrici-per-fardelli-ITALDIBIPACK-griglia-1024x1024.jpg",1024,1024,true],"author_info":[],"comment_info":"","_links":{"self":[{"href":"https:\/\/www.italdibipack.com\/fr\/wp-json\/wp\/v2\/product\/1228","targetHints":{"allow":["GET"]}}],"collection":[{"href":"https:\/\/www.italdibipack.com\/fr\/wp-json\/wp\/v2\/product"}],"about":[{"href":"https:\/\/www.italdibipack.com\/fr\/wp-json\/wp\/v2\/types\/product"}],"wp:featuredmedia":[{"embeddable":true,"href":"https:\/\/www.italdibipack.com\/fr\/wp-json\/wp\/v2\/media\/15462"}],"wp:attachment":[{"href":"https:\/\/www.italdibipack.com\/fr\/wp-json\/wp\/v2\/media?parent=1228"}],"wp:term":[{"taxonomy":"product_brand","embeddable":true,"href":"https:\/\/www.italdibipack.com\/fr\/wp-json\/wp\/v2\/product_brand?post=1228"},{"taxonomy":"product_cat","embeddable":true,"href":"https:\/\/www.italdibipack.com\/fr\/wp-json\/wp\/v2\/product_cat?post=1228"},{"taxonomy":"product_tag","embeddable":true,"href":"https:\/\/www.italdibipack.com\/fr\/wp-json\/wp\/v2\/product_tag?post=1228"},{"taxonomy":"settore_applicazione","embeddable":true,"href":"https:\/\/www.italdibipack.com\/fr\/wp-json\/wp\/v2\/settore_applicazione?post=1228"},{"taxonomy":"campo_applicativo","embeddable":true,"href":"https:\/\/www.italdibipack.com\/fr\/wp-json\/wp\/v2\/campo_applicativo?post=1228"}],"curies":[{"name":"wp","href":"https:\/\/api.w.org\/{rel}","templated":true}]}}