{"id":1229,"date":"2022-06-15T15:14:18","date_gmt":"2022-07-04T15:52:04","guid":{"rendered":"https:\/\/italdibipack.bozzaonline.it\/prodotto\/linea-ecofard\/"},"modified":"2025-03-20T10:30:25","modified_gmt":"2025-03-20T10:30:25","slug":"linea-ecofard","status":"publish","type":"product","link":"https:\/\/www.italdibipack.com\/fr\/produit\/linea-ecofard\/","title":{"rendered":"LA GAMME ECOFARD"},"content":{"rendered":"","protected":false},"excerpt":{"rendered":"<h3>QUALITE ET FIABILITE POUR CHAQUE EXIGENCE DE FARDELLAGE<\/h3>\n<p>Les machines semi-automatiques et automatiques les plus innovantes et pratiques pour le fardelage d&rsquo;une tr\u00e8s vaste gamme de produits (bouteilles, vases, boites, \u00e9tain, flacons, cartons etc.)\u00a0et pour prot\u00e8ger les boites en int\u00e9grant et \/ ou rampla\u00e7ant en fin de cycle les boites a carton avec des avantages gestionnelles.<\/p>\n<p>l&rsquo;avancement du produit charg\u00e9 sur la gamme ECOFARD peut etre command\u00e9 par un pousseur (mod. SA) ou un convoyeur motoris\u00e9 pour charge automatique (mod. AA). Successivment une barre de soudure transversale (a mouvement pneumatique avec r\u00e9glage electronique de la temp\u00e9rature et \u00e0 fonctionnement automatique) coupe et soude le film. A ce point le produit entre dans le four de r\u00e9traction. les quatre modeles ECOFARD: <strong>ECOFARD 500, 700, 900, 1250,<\/strong> qui se distinguent par leurs differentes dimensions. Les models 700, 900 et 1250 sont disponibles en serie avec deux versions : monobloc (MB) le four et la souduese forment une unique machine et bibloc (BB) le four est ind\u00e8pendant de la soudeuse, pour les produits plus longs. Sur demande Italdibipack r\u00e9alise une gamme de fardellage sur mesure ou speciale. la gamme ECOFARD est l&rsquo;id\u00e9al pour chaque r\u00e9alit\u00e9 productive.<\/p>\n","protected":false},"featured_media":15422,"template":"","meta":{"_acf_changed":false,"_seopress_robots_primary_cat":"none","_seopress_titles_title":"Gamme ECOFARD: Fardeleuses Semiautomatiques | ITALDIBIPACK","_seopress_titles_desc":"Fardeleuses semiautomatiques de la s\u00e9rie ECOFARD. Robustes, \u00e9conomiques et id\u00e9ales pour le groupage de divers produits.","_seopress_robots_index":"","_eb_attr":"","_gspb_post_css":"","_kad_blocks_custom_css":"","_kad_blocks_head_custom_js":"","_kad_blocks_body_custom_js":"","_kad_blocks_footer_custom_js":"","_eb_data_table":"","_kad_post_transparent":"default","_kad_post_title":"","_kad_post_layout":"default","_kad_post_sidebar_id":"","_kad_post_content_style":"default","_kad_post_vertical_padding":"default","_kad_post_feature":"","_kad_post_feature_position":"","_kad_post_header":false,"_kad_post_footer":false,"_kad_post_classname":""},"product_brand":[],"product_cat":[335],"product_tag":[],"settore_applicazione":[],"campo_applicativo":[],"class_list":{"0":"post-1229","1":"product","2":"type-product","3":"status-publish","4":"has-post-thumbnail","6":"product_cat-systemes-de-fardellage-speciaux","8":"first","9":"instock","10":"taxable","11":"shipping-taxable","12":"product-type-simple","13":"entry","14":"content-bg","15":"loop-entry"},"acf":[],"taxonomy_info":{"product_cat":[{"value":335,"label":"Syst\u00e8mes de fardellage &amp; sp\u00e8ciaux"}]},"featured_image_src_large":["https:\/\/www.italdibipack.com\/wp-content\/uploads\/2024\/02\/ECOFARD-500-SA-MB-macchine-confezionatrici-confezionatrici-per-fardelli-ITALDIBIPACK-griglia-1024x1024.jpg",1024,1024,true],"author_info":[],"comment_info":"","_links":{"self":[{"href":"https:\/\/www.italdibipack.com\/fr\/wp-json\/wp\/v2\/product\/1229","targetHints":{"allow":["GET"]}}],"collection":[{"href":"https:\/\/www.italdibipack.com\/fr\/wp-json\/wp\/v2\/product"}],"about":[{"href":"https:\/\/www.italdibipack.com\/fr\/wp-json\/wp\/v2\/types\/product"}],"wp:featuredmedia":[{"embeddable":true,"href":"https:\/\/www.italdibipack.com\/fr\/wp-json\/wp\/v2\/media\/15422"}],"wp:attachment":[{"href":"https:\/\/www.italdibipack.com\/fr\/wp-json\/wp\/v2\/media?parent=1229"}],"wp:term":[{"taxonomy":"product_brand","embeddable":true,"href":"https:\/\/www.italdibipack.com\/fr\/wp-json\/wp\/v2\/product_brand?post=1229"},{"taxonomy":"product_cat","embeddable":true,"href":"https:\/\/www.italdibipack.com\/fr\/wp-json\/wp\/v2\/product_cat?post=1229"},{"taxonomy":"product_tag","embeddable":true,"href":"https:\/\/www.italdibipack.com\/fr\/wp-json\/wp\/v2\/product_tag?post=1229"},{"taxonomy":"settore_applicazione","embeddable":true,"href":"https:\/\/www.italdibipack.com\/fr\/wp-json\/wp\/v2\/settore_applicazione?post=1229"},{"taxonomy":"campo_applicativo","embeddable":true,"href":"https:\/\/www.italdibipack.com\/fr\/wp-json\/wp\/v2\/campo_applicativo?post=1229"}],"curies":[{"name":"wp","href":"https:\/\/api.w.org\/{rel}","templated":true}]}}