{"id":1231,"date":"2022-06-15T15:14:18","date_gmt":"2022-07-04T15:52:43","guid":{"rendered":"https:\/\/italdibipack.bozzaonline.it\/prodotto\/film-speciali\/"},"modified":"2024-09-20T17:20:09","modified_gmt":"2024-09-20T17:20:09","slug":"film-speciali","status":"publish","type":"product","link":"https:\/\/www.italdibipack.com\/fr\/produit\/film-speciali\/","title":{"rendered":"FILM SP\u00c9CIAL"},"content":{"rendered":"","protected":false},"excerpt":{"rendered":"<ul>\n<li style=\"list-style-type: none;\">\n<ul>\n<li><strong>Poly\u00e9thyl\u00e8ne monocouche r\u00e9tr\u00e9cissant poly\u00e9thyl\u00e8ne pour fardellage<br \/>\n<\/strong>Disponible en bobines de largeur de 200 \u00e0 1000 mm. \u00c9paisseurs disponibles: de 50 \u00e0 90 \u00b5m.<\/li>\n<li><strong>Poly\u00e9thyl\u00e8ne thermor\u00e9tractable \u00e0 biorient\u00e9 pour le conditionnement horizontal sur lignes automatiques<br \/>\n<\/strong>Sur demande disponible en diff\u00e9rentes largeurs et \u00e9paisseurs.<\/li>\n<li><strong>Poly\u00e9thyl\u00e8ne bi-directionnel thermor\u00e9tractable, pli\u00e9 un par un pour l&#8217;emballage \u00e0 fermeture totale<br \/>\n<\/strong>Disponible en rouleaux de largeur de 250 \u00e0 450 mm. \u00c9paisseurs disponibles: 25-40 ?m.<\/li>\n<li><strong>Polypropyl\u00e8ne bi-durcissable \u00e0 une extr\u00e9mit\u00e9, polypropyl\u00e8ne bi-courb\u00e9 pour emballages \u00e0 fermeture totale (de pain en particulier)<br \/>\n<\/strong>Disponible en rouleaux de 200 mm \u00e0 450 mm de largeur. Epaisseur disponible: 15 ?m.<\/li>\n<li><strong>Film \u00e9tirable \u00e9tir\u00e9 pour usage alimentaire<\/strong><\/li>\n<\/ul>\n<\/li>\n<\/ul>\n<p>Disponible en bobines de 1500 m de long. Diff\u00e9rentes \u00e9paisseurs.<\/p>\n<ul>\n<li><strong>Films thermor\u00e9tractables imprim\u00e9s<\/strong><\/li>\n<\/ul>\n<p>&nbsp;<\/p>\n<p>Sur demande, nous produisons des films de polyol\u00e9fine, \u00e0 plat et \u00e0 simple pli, imprim\u00e9s avec 1 ou plusieurs couleurs. Diff\u00e9rentes \u00e9paisseurs.<\/p>\n","protected":false},"featured_media":14265,"template":"","meta":{"_acf_changed":false,"_seopress_robots_primary_cat":"","_seopress_titles_title":"Films Techniques Sp\u00e9ciaux pour Emballage | ITALDIBIPACK","_seopress_titles_desc":"Une s\u00e9lection de films techniques pour des besoins d'emballage sp\u00e9cifiques. R\u00e9sistance et performance exceptionnelles.","_seopress_robots_index":"","_eb_attr":"","_gspb_post_css":"","_kad_blocks_custom_css":"","_kad_blocks_head_custom_js":"","_kad_blocks_body_custom_js":"","_kad_blocks_footer_custom_js":"","_eb_data_table":"","_kad_post_transparent":"default","_kad_post_title":"","_kad_post_layout":"default","_kad_post_sidebar_id":"","_kad_post_content_style":"default","_kad_post_vertical_padding":"default","_kad_post_feature":"","_kad_post_feature_position":"","_kad_post_header":false,"_kad_post_footer":false,"_kad_post_classname":""},"product_brand":[],"product_cat":[118,117],"product_tag":[],"settore_applicazione":[],"campo_applicativo":[],"class_list":{"0":"post-1231","1":"product","2":"type-product","3":"status-publish","4":"has-post-thumbnail","6":"product_cat-film-special","7":"product_cat-materiaux","9":"first","10":"instock","11":"taxable","12":"shipping-taxable","13":"product-type-simple","14":"entry","15":"content-bg","16":"loop-entry"},"acf":[],"taxonomy_info":{"product_cat":[{"value":118,"label":"Film sp\u00e9cial"},{"value":117,"label":"Mat\u00e9riaux"}]},"featured_image_src_large":["https:\/\/www.italdibipack.com\/wp-content\/uploads\/2022\/06\/film-speciali-ITALDIBIPACK-1024x1024.png",1024,1024,true],"author_info":[],"comment_info":"","_links":{"self":[{"href":"https:\/\/www.italdibipack.com\/fr\/wp-json\/wp\/v2\/product\/1231","targetHints":{"allow":["GET"]}}],"collection":[{"href":"https:\/\/www.italdibipack.com\/fr\/wp-json\/wp\/v2\/product"}],"about":[{"href":"https:\/\/www.italdibipack.com\/fr\/wp-json\/wp\/v2\/types\/product"}],"wp:featuredmedia":[{"embeddable":true,"href":"https:\/\/www.italdibipack.com\/fr\/wp-json\/wp\/v2\/media\/14265"}],"wp:attachment":[{"href":"https:\/\/www.italdibipack.com\/fr\/wp-json\/wp\/v2\/media?parent=1231"}],"wp:term":[{"taxonomy":"product_brand","embeddable":true,"href":"https:\/\/www.italdibipack.com\/fr\/wp-json\/wp\/v2\/product_brand?post=1231"},{"taxonomy":"product_cat","embeddable":true,"href":"https:\/\/www.italdibipack.com\/fr\/wp-json\/wp\/v2\/product_cat?post=1231"},{"taxonomy":"product_tag","embeddable":true,"href":"https:\/\/www.italdibipack.com\/fr\/wp-json\/wp\/v2\/product_tag?post=1231"},{"taxonomy":"settore_applicazione","embeddable":true,"href":"https:\/\/www.italdibipack.com\/fr\/wp-json\/wp\/v2\/settore_applicazione?post=1231"},{"taxonomy":"campo_applicativo","embeddable":true,"href":"https:\/\/www.italdibipack.com\/fr\/wp-json\/wp\/v2\/campo_applicativo?post=1231"}],"curies":[{"name":"wp","href":"https:\/\/api.w.org\/{rel}","templated":true}]}}