{"id":1232,"date":"2022-06-15T15:14:18","date_gmt":"2022-07-04T15:52:43","guid":{"rendered":"https:\/\/italdibipack.bozzaonline.it\/prodotto\/tritacartoni-dibi320\/"},"modified":"2024-09-20T17:19:30","modified_gmt":"2024-09-20T17:19:30","slug":"tritacartoni-dibi320","status":"publish","type":"product","link":"https:\/\/www.italdibipack.com\/fr\/produit\/tritacartoni-dibi320\/","title":{"rendered":"TRITACARTONI DIBI320"},"content":{"rendered":"","protected":false},"excerpt":{"rendered":"<p>Ecologique<strong>,\u00a0<\/strong>\u00e9conome en espace et \u00e9conomique, ce broyeur des cartons r\u00e9duit le co\u00fbt de l\u2019\u00e9limination des d\u00e9chets et d\u2019emballage, et \u00e9limine l\u2019espace au magazin r\u00e9serv\u00e9 au mat\u00e9riel pour emballage.<\/p>\n<p>Cette machine destin\u00e9e \u00e0 un recyclage des cartons est une solution d\u2019avant-garde pour transformer les encombrantes bo\u00eetes en cartons us\u00e9es en\u00a0excellent mat\u00e9riel de remplissage. De cette maniere on se r\u00e9duit drastiquement l\u2019emploi du materiel de remplissage non \u00e9cologique comme le polystyr\u00e8ne, l\u2019\u00e9cume polyur\u00e9thanne ainsi de suite.<\/p>\n<p>Largeur de la coupe du carton 320 mm et \u00e9paisseur 15 mm<\/p>\n<p>Machine con\u00e7ue selon les normes de la CE<\/p>\n","protected":false},"featured_media":14353,"template":"","meta":{"_acf_changed":false,"_seopress_robots_primary_cat":"","_seopress_titles_title":"DIBI320 Broyeur de Carton | ITALDIBIPACK","_seopress_titles_desc":"Transformez vos cartons usag\u00e9s en mat\u00e9riau d'emballage \u00e9cologique avec le broyeur DIBI320. Protection verte.","_seopress_robots_index":"","_eb_attr":"","_gspb_post_css":"","_kad_blocks_custom_css":"","_kad_blocks_head_custom_js":"","_kad_blocks_body_custom_js":"","_kad_blocks_footer_custom_js":"","_eb_data_table":"","_kad_post_transparent":"default","_kad_post_title":"","_kad_post_layout":"default","_kad_post_sidebar_id":"","_kad_post_content_style":"default","_kad_post_vertical_padding":"default","_kad_post_feature":"","_kad_post_feature_position":"","_kad_post_header":false,"_kad_post_footer":false,"_kad_post_classname":""},"product_brand":[],"product_cat":[330,332],"product_tag":[],"settore_applicazione":[],"campo_applicativo":[],"class_list":{"0":"post-1232","1":"product","2":"type-product","3":"status-publish","4":"has-post-thumbnail","6":"product_cat-accessoires","7":"product_cat-systemes-de-remplissage","9":"first","10":"instock","11":"taxable","12":"shipping-taxable","13":"product-type-simple","14":"entry","15":"content-bg","16":"loop-entry"},"acf":[],"taxonomy_info":{"product_cat":[{"value":330,"label":"Accessoires"},{"value":332,"label":"Syst\u00e8mes de remplissage"}]},"featured_image_src_large":["https:\/\/www.italdibipack.com\/wp-content\/uploads\/2022\/06\/tritacartoni-ITALDIBIPACK.png",900,900,false],"author_info":[],"comment_info":"","_links":{"self":[{"href":"https:\/\/www.italdibipack.com\/fr\/wp-json\/wp\/v2\/product\/1232","targetHints":{"allow":["GET"]}}],"collection":[{"href":"https:\/\/www.italdibipack.com\/fr\/wp-json\/wp\/v2\/product"}],"about":[{"href":"https:\/\/www.italdibipack.com\/fr\/wp-json\/wp\/v2\/types\/product"}],"wp:featuredmedia":[{"embeddable":true,"href":"https:\/\/www.italdibipack.com\/fr\/wp-json\/wp\/v2\/media\/14353"}],"wp:attachment":[{"href":"https:\/\/www.italdibipack.com\/fr\/wp-json\/wp\/v2\/media?parent=1232"}],"wp:term":[{"taxonomy":"product_brand","embeddable":true,"href":"https:\/\/www.italdibipack.com\/fr\/wp-json\/wp\/v2\/product_brand?post=1232"},{"taxonomy":"product_cat","embeddable":true,"href":"https:\/\/www.italdibipack.com\/fr\/wp-json\/wp\/v2\/product_cat?post=1232"},{"taxonomy":"product_tag","embeddable":true,"href":"https:\/\/www.italdibipack.com\/fr\/wp-json\/wp\/v2\/product_tag?post=1232"},{"taxonomy":"settore_applicazione","embeddable":true,"href":"https:\/\/www.italdibipack.com\/fr\/wp-json\/wp\/v2\/settore_applicazione?post=1232"},{"taxonomy":"campo_applicativo","embeddable":true,"href":"https:\/\/www.italdibipack.com\/fr\/wp-json\/wp\/v2\/campo_applicativo?post=1232"}],"curies":[{"name":"wp","href":"https:\/\/api.w.org\/{rel}","templated":true}]}}