{"id":1233,"date":"2022-06-15T15:14:18","date_gmt":"2022-07-04T15:52:43","guid":{"rendered":"https:\/\/italdibipack.bozzaonline.it\/prodotto\/dibiblow\/"},"modified":"2024-09-20T17:18:55","modified_gmt":"2024-09-20T17:18:55","slug":"dibiblow","status":"publish","type":"product","link":"https:\/\/www.italdibipack.com\/fr\/produit\/dibiblow\/","title":{"rendered":"DIBIBLOW"},"content":{"rendered":"","protected":false},"excerpt":{"rendered":"<p>Le mod\u00e8le DIBIBLOW 100, petit et maniable, est le nouveau syst\u00e8me pour la production de\u00a0 coussin d\u2019air qui n\u2019a pas besoin d\u2019air comprim\u00e9.<\/p>\n<p>Produit des coussins d\u2019air en HDPE dans trois formats diff\u00e9rents, \u00e0 une vitesse de 20 m\u00e8tres par minute<\/p>\n","protected":false},"featured_media":14373,"template":"","meta":{"_acf_changed":false,"_seopress_robots_primary_cat":"","_seopress_titles_title":"DIBIBLOW: Machine \u00e0 Coussins d'Air | ITALDIBIPACK","_seopress_titles_desc":"Production de coussins d'air sur demande pour la protection des produits. L\u00e9ger, rapide et \u00e9conomique.","_seopress_robots_index":"","_eb_attr":"","_gspb_post_css":"","_kad_blocks_custom_css":"","_kad_blocks_head_custom_js":"","_kad_blocks_body_custom_js":"","_kad_blocks_footer_custom_js":"","_eb_data_table":"","_kad_post_transparent":"default","_kad_post_title":"","_kad_post_layout":"default","_kad_post_sidebar_id":"","_kad_post_content_style":"default","_kad_post_vertical_padding":"default","_kad_post_feature":"","_kad_post_feature_position":"","_kad_post_header":false,"_kad_post_footer":false,"_kad_post_classname":""},"product_brand":[],"product_cat":[330,332],"product_tag":[],"settore_applicazione":[],"campo_applicativo":[],"class_list":{"0":"post-1233","1":"product","2":"type-product","3":"status-publish","4":"has-post-thumbnail","6":"product_cat-accessoires","7":"product_cat-systemes-de-remplissage","9":"first","10":"instock","11":"taxable","12":"shipping-taxable","13":"product-type-simple","14":"entry","15":"content-bg","16":"loop-entry"},"acf":[],"taxonomy_info":{"product_cat":[{"value":330,"label":"Accessoires"},{"value":332,"label":"Syst\u00e8mes de remplissage"}]},"featured_image_src_large":["https:\/\/www.italdibipack.com\/wp-content\/uploads\/2022\/06\/dibiblow-ITALDIBIPACK-1-1024x1024.png",1024,1024,true],"author_info":[],"comment_info":"","_links":{"self":[{"href":"https:\/\/www.italdibipack.com\/fr\/wp-json\/wp\/v2\/product\/1233","targetHints":{"allow":["GET"]}}],"collection":[{"href":"https:\/\/www.italdibipack.com\/fr\/wp-json\/wp\/v2\/product"}],"about":[{"href":"https:\/\/www.italdibipack.com\/fr\/wp-json\/wp\/v2\/types\/product"}],"wp:featuredmedia":[{"embeddable":true,"href":"https:\/\/www.italdibipack.com\/fr\/wp-json\/wp\/v2\/media\/14373"}],"wp:attachment":[{"href":"https:\/\/www.italdibipack.com\/fr\/wp-json\/wp\/v2\/media?parent=1233"}],"wp:term":[{"taxonomy":"product_brand","embeddable":true,"href":"https:\/\/www.italdibipack.com\/fr\/wp-json\/wp\/v2\/product_brand?post=1233"},{"taxonomy":"product_cat","embeddable":true,"href":"https:\/\/www.italdibipack.com\/fr\/wp-json\/wp\/v2\/product_cat?post=1233"},{"taxonomy":"product_tag","embeddable":true,"href":"https:\/\/www.italdibipack.com\/fr\/wp-json\/wp\/v2\/product_tag?post=1233"},{"taxonomy":"settore_applicazione","embeddable":true,"href":"https:\/\/www.italdibipack.com\/fr\/wp-json\/wp\/v2\/settore_applicazione?post=1233"},{"taxonomy":"campo_applicativo","embeddable":true,"href":"https:\/\/www.italdibipack.com\/fr\/wp-json\/wp\/v2\/campo_applicativo?post=1233"}],"curies":[{"name":"wp","href":"https:\/\/api.w.org\/{rel}","templated":true}]}}