{"id":1240,"date":"2022-06-15T15:14:18","date_gmt":"2022-07-04T15:52:43","guid":{"rendered":"https:\/\/italdibipack.bozzaonline.it\/prodotto\/nastri-adesivi\/"},"modified":"2024-09-27T10:36:32","modified_gmt":"2024-09-27T10:36:32","slug":"rubans-adhesifs","status":"publish","type":"product","link":"https:\/\/www.italdibipack.com\/fr\/produit\/rubans-adhesifs\/","title":{"rendered":"RUBANS ADH\u00c9SIFS"},"content":{"rendered":"","protected":false},"excerpt":{"rendered":"<p>Ruban adh\u00e9sif \u00e0 rendement maximal dans toutes les conditions climatiques. Il ne subit pas les variations de temp\u00e9rature. Indispensable pour l&#8217;emballage de marchandises en stock dans l&rsquo;entrep\u00f4t et de marchandises transport\u00e9es en conteneur.<\/p>\n<p><strong>UTILISATION MANUELLE<\/strong><\/p>\n<ul class=\"marker:text-textOff list-disc pl-8\">\n<li>Largeur : 50\/75 mm<\/li>\n<li>Longueur : 66\/132\/180 m<\/li>\n<li>Couleurs : blanc, havane, transparent<\/li>\n<\/ul>\n<p><strong>UTILISATION AUTOMATIQUE<\/strong><\/p>\n<ul class=\"marker:text-textOff list-disc pl-8\">\n<li>Largeur : 50\/75 mm<\/li>\n<li>Longueur : 330\/660\/990 m<\/li>\n<\/ul>\n<p><strong>HAUTE PRODUCTION<\/strong><br \/>\nPour une utilisation sur une machine \u00e0 bande automatique \u00e0 haute autonomie.<\/p>\n<ul class=\"marker:text-textOff list-disc pl-8\">\n<li>Largeur : 50 mm<\/li>\n<li>Longueur : 1500\/2000 m<\/li>\n<li>Ferme jusqu&rsquo;\u00e0 2000 bo\u00eetes (en calculant une norme de 1 m par bo\u00eete).<\/li>\n<\/ul>\n","protected":false},"featured_media":14275,"template":"","meta":{"_acf_changed":false,"_seopress_robots_primary_cat":"","_seopress_titles_title":"Rubans Adh\u00e9sifs Industriels | ITALDIBIPACK","_seopress_titles_desc":"Large gamme de rubans adh\u00e9sifs pour la fermeture de cartons. Haute adh\u00e9rence pour tous les besoins industriels.","_seopress_robots_index":"","_eb_attr":"","_gspb_post_css":"","_kad_blocks_custom_css":"","_kad_blocks_head_custom_js":"","_kad_blocks_body_custom_js":"","_kad_blocks_footer_custom_js":"","_eb_data_table":"","_kad_post_transparent":"default","_kad_post_title":"","_kad_post_layout":"default","_kad_post_sidebar_id":"","_kad_post_content_style":"default","_kad_post_vertical_padding":"default","_kad_post_feature":"","_kad_post_feature_position":"","_kad_post_header":false,"_kad_post_footer":false,"_kad_post_classname":""},"product_brand":[],"product_cat":[117,124],"product_tag":[],"settore_applicazione":[],"campo_applicativo":[],"class_list":{"0":"post-1240","1":"product","2":"type-product","3":"status-publish","4":"has-post-thumbnail","6":"product_cat-materiaux","7":"product_cat-rubans-adhesifs","9":"first","10":"instock","11":"taxable","12":"shipping-taxable","13":"product-type-simple","14":"entry","15":"content-bg","16":"loop-entry"},"acf":[],"taxonomy_info":{"product_cat":[{"value":117,"label":"Mat\u00e9riaux"},{"value":124,"label":"Rubans adh\u00e9sifs"}]},"featured_image_src_large":["https:\/\/www.italdibipack.com\/wp-content\/uploads\/2022\/06\/nastri-adesivi-ITALDIBIPACK.png",600,600,false],"author_info":[],"comment_info":"","_links":{"self":[{"href":"https:\/\/www.italdibipack.com\/fr\/wp-json\/wp\/v2\/product\/1240","targetHints":{"allow":["GET"]}}],"collection":[{"href":"https:\/\/www.italdibipack.com\/fr\/wp-json\/wp\/v2\/product"}],"about":[{"href":"https:\/\/www.italdibipack.com\/fr\/wp-json\/wp\/v2\/types\/product"}],"wp:featuredmedia":[{"embeddable":true,"href":"https:\/\/www.italdibipack.com\/fr\/wp-json\/wp\/v2\/media\/14275"}],"wp:attachment":[{"href":"https:\/\/www.italdibipack.com\/fr\/wp-json\/wp\/v2\/media?parent=1240"}],"wp:term":[{"taxonomy":"product_brand","embeddable":true,"href":"https:\/\/www.italdibipack.com\/fr\/wp-json\/wp\/v2\/product_brand?post=1240"},{"taxonomy":"product_cat","embeddable":true,"href":"https:\/\/www.italdibipack.com\/fr\/wp-json\/wp\/v2\/product_cat?post=1240"},{"taxonomy":"product_tag","embeddable":true,"href":"https:\/\/www.italdibipack.com\/fr\/wp-json\/wp\/v2\/product_tag?post=1240"},{"taxonomy":"settore_applicazione","embeddable":true,"href":"https:\/\/www.italdibipack.com\/fr\/wp-json\/wp\/v2\/settore_applicazione?post=1240"},{"taxonomy":"campo_applicativo","embeddable":true,"href":"https:\/\/www.italdibipack.com\/fr\/wp-json\/wp\/v2\/campo_applicativo?post=1240"}],"curies":[{"name":"wp","href":"https:\/\/api.w.org\/{rel}","templated":true}]}}