{"id":1241,"date":"2022-06-15T15:14:18","date_gmt":"2022-07-04T15:52:43","guid":{"rendered":"https:\/\/italdibipack.bozzaonline.it\/prodotto\/nastri-personalizzati\/"},"modified":"2024-09-27T10:37:50","modified_gmt":"2024-09-27T10:37:50","slug":"rubans-personnalises","status":"publish","type":"product","link":"https:\/\/www.italdibipack.com\/fr\/produit\/rubans-personnalises\/","title":{"rendered":"RUBANS PERSONNALIS\u00c9S"},"content":{"rendered":"","protected":false},"excerpt":{"rendered":"<p>Le ruban adh\u00e9sif personnalis\u00e9 avec votre logo n&rsquo;est pas seulement votre image \u00e0 travers le monde ; c&rsquo;est surtout le premier moyen de dissuasion contre d&rsquo;\u00e9ventuelles intrusions ou manipulations. Pour ces raisons, nous proposons, m\u00eame pour de petites quantit\u00e9s, des rubans adh\u00e9sifs personnalis\u00e9s avec des syst\u00e8mes tr\u00e8s modernes qui mettent en valeur vos marques, obtenant une qualit\u00e9 nettement sup\u00e9rieure en termes de d\u00e9finition des d\u00e9tails, de brillance des couleurs et d&rsquo;impact visuel.<\/p>\n<p>Un outil essentiel pour ceux qui souhaitent promouvoir efficacement et \u00e0 moindre co\u00fbt l&rsquo;image de l&rsquo;entreprise.<\/p>\n<p>Disponible dans une large gamme de tailles. Possibilit\u00e9 de personnalisation jusqu&rsquo;\u00e0 six couleurs.<\/p>\n","protected":false},"featured_media":14285,"template":"","meta":{"_acf_changed":false,"_seopress_robots_primary_cat":"","_seopress_titles_title":"Rubans Adh\u00e9sifs Personnalis\u00e9s avec Logo | ITALDIBIPACK","_seopress_titles_desc":"Promouvez votre marque avec des rubans personnalis\u00e9s. Impression haute qualit\u00e9 pour un emballage unique.","_seopress_robots_index":"","_eb_attr":"","_gspb_post_css":"","_kad_blocks_custom_css":"","_kad_blocks_head_custom_js":"","_kad_blocks_body_custom_js":"","_kad_blocks_footer_custom_js":"","_eb_data_table":"","_kad_post_transparent":"default","_kad_post_title":"","_kad_post_layout":"default","_kad_post_sidebar_id":"","_kad_post_content_style":"default","_kad_post_vertical_padding":"default","_kad_post_feature":"","_kad_post_feature_position":"","_kad_post_header":false,"_kad_post_footer":false,"_kad_post_classname":""},"product_brand":[],"product_cat":[117,124],"product_tag":[],"settore_applicazione":[],"campo_applicativo":[],"class_list":{"0":"post-1241","1":"product","2":"type-product","3":"status-publish","4":"has-post-thumbnail","6":"product_cat-materiaux","7":"product_cat-rubans-adhesifs","9":"first","10":"instock","11":"taxable","12":"shipping-taxable","13":"product-type-simple","14":"entry","15":"content-bg","16":"loop-entry"},"acf":[],"taxonomy_info":{"product_cat":[{"value":117,"label":"Mat\u00e9riaux"},{"value":124,"label":"Rubans adh\u00e9sifs"}]},"featured_image_src_large":["https:\/\/www.italdibipack.com\/wp-content\/uploads\/2022\/06\/nastri-personalizzati-ITALDIBIPACK.png",768,768,false],"author_info":[],"comment_info":"","_links":{"self":[{"href":"https:\/\/www.italdibipack.com\/fr\/wp-json\/wp\/v2\/product\/1241","targetHints":{"allow":["GET"]}}],"collection":[{"href":"https:\/\/www.italdibipack.com\/fr\/wp-json\/wp\/v2\/product"}],"about":[{"href":"https:\/\/www.italdibipack.com\/fr\/wp-json\/wp\/v2\/types\/product"}],"wp:featuredmedia":[{"embeddable":true,"href":"https:\/\/www.italdibipack.com\/fr\/wp-json\/wp\/v2\/media\/14285"}],"wp:attachment":[{"href":"https:\/\/www.italdibipack.com\/fr\/wp-json\/wp\/v2\/media?parent=1241"}],"wp:term":[{"taxonomy":"product_brand","embeddable":true,"href":"https:\/\/www.italdibipack.com\/fr\/wp-json\/wp\/v2\/product_brand?post=1241"},{"taxonomy":"product_cat","embeddable":true,"href":"https:\/\/www.italdibipack.com\/fr\/wp-json\/wp\/v2\/product_cat?post=1241"},{"taxonomy":"product_tag","embeddable":true,"href":"https:\/\/www.italdibipack.com\/fr\/wp-json\/wp\/v2\/product_tag?post=1241"},{"taxonomy":"settore_applicazione","embeddable":true,"href":"https:\/\/www.italdibipack.com\/fr\/wp-json\/wp\/v2\/settore_applicazione?post=1241"},{"taxonomy":"campo_applicativo","embeddable":true,"href":"https:\/\/www.italdibipack.com\/fr\/wp-json\/wp\/v2\/campo_applicativo?post=1241"}],"curies":[{"name":"wp","href":"https:\/\/api.w.org\/{rel}","templated":true}]}}