{"id":1244,"date":"2022-06-15T15:14:18","date_gmt":"2022-07-04T15:52:43","guid":{"rendered":"https:\/\/italdibipack.bozzaonline.it\/prodotto\/film-estensibile-macchinabile\/"},"modified":"2024-09-20T17:11:48","modified_gmt":"2024-09-20T17:11:48","slug":"film-estensibile-macchinabile","status":"publish","type":"product","link":"https:\/\/www.italdibipack.com\/fr\/produit\/film-estensibile-macchinabile\/","title":{"rendered":"FILM ETIRABLE MACHINE"},"content":{"rendered":"","protected":false},"excerpt":{"rendered":"<p>Le FILM EXTENSIBLE MACHINE, comme le film manuel, est conditionn\u00e9 en bobines avec un poids fixe. Il est utilis\u00e9 sur les tables rotatives et les robots. Le film auto-adh\u00e9sif et \u00e9lastique bloque les produits emp\u00eachant les mouvements de la charge, tout en la gardant rigide et compacte.<\/p>\n<p>Il a une grande capacit\u00e9 d\u2019adaptation \u00e0 la forme de la palette.<\/p>\n<p>Le film machine transparent est g\u00e9n\u00e9ralement utilis\u00e9, car il est facile d\u2019identifier le produit emball\u00e9, mais, il peut \u00e9galement \u00eatre color\u00e9, noir ou blanc.<\/p>\n<p>Toujours pour la gamme de films extensibles\u00a0 machine, nous trouvons le FILM PRE ETIRE MACHINE, qui permet une plus grande stabilit\u00e9 de la charge sur la palette, une plus grande r\u00e9sistance au per\u00e7age et aux bords tranchants de la palette et une consommation r\u00e9duite du film.<\/p>\n","protected":false},"featured_media":14250,"template":"","meta":{"_acf_changed":false,"_seopress_robots_primary_cat":"","_seopress_titles_title":"Film \u00c9tirable Machine pour Banderoleuse | ITALDIBIPACK","_seopress_titles_desc":"Film \u00e9tirable technique pour banderoleuses automatiques. Stabilit\u00e9 maximale de la charge et optimisation des co\u00fbts.","_seopress_robots_index":"","_eb_attr":"","_gspb_post_css":"","_kad_blocks_custom_css":"","_kad_blocks_head_custom_js":"","_kad_blocks_body_custom_js":"","_kad_blocks_footer_custom_js":"","_eb_data_table":"","_kad_post_transparent":"default","_kad_post_title":"","_kad_post_layout":"default","_kad_post_sidebar_id":"","_kad_post_content_style":"default","_kad_post_vertical_padding":"default","_kad_post_feature":"","_kad_post_feature_position":"","_kad_post_header":false,"_kad_post_footer":false,"_kad_post_classname":""},"product_brand":[],"product_cat":[126,117],"product_tag":[],"settore_applicazione":[],"campo_applicativo":[],"class_list":{"0":"post-1244","1":"product","2":"type-product","3":"status-publish","4":"has-post-thumbnail","6":"product_cat-film-etirable","7":"product_cat-materiaux","9":"first","10":"instock","11":"taxable","12":"shipping-taxable","13":"purchasable","14":"product-type-simple","15":"entry","16":"content-bg","17":"loop-entry"},"acf":[],"taxonomy_info":{"product_cat":[{"value":126,"label":"Film \u00e9tirable"},{"value":117,"label":"Mat\u00e9riaux"}]},"featured_image_src_large":["https:\/\/www.italdibipack.com\/wp-content\/uploads\/2022\/06\/film-estensibili-macchinabili-ITALDIBIPACK-1024x1024.png",1024,1024,true],"author_info":[],"comment_info":"","_links":{"self":[{"href":"https:\/\/www.italdibipack.com\/fr\/wp-json\/wp\/v2\/product\/1244","targetHints":{"allow":["GET"]}}],"collection":[{"href":"https:\/\/www.italdibipack.com\/fr\/wp-json\/wp\/v2\/product"}],"about":[{"href":"https:\/\/www.italdibipack.com\/fr\/wp-json\/wp\/v2\/types\/product"}],"wp:featuredmedia":[{"embeddable":true,"href":"https:\/\/www.italdibipack.com\/fr\/wp-json\/wp\/v2\/media\/14250"}],"wp:attachment":[{"href":"https:\/\/www.italdibipack.com\/fr\/wp-json\/wp\/v2\/media?parent=1244"}],"wp:term":[{"taxonomy":"product_brand","embeddable":true,"href":"https:\/\/www.italdibipack.com\/fr\/wp-json\/wp\/v2\/product_brand?post=1244"},{"taxonomy":"product_cat","embeddable":true,"href":"https:\/\/www.italdibipack.com\/fr\/wp-json\/wp\/v2\/product_cat?post=1244"},{"taxonomy":"product_tag","embeddable":true,"href":"https:\/\/www.italdibipack.com\/fr\/wp-json\/wp\/v2\/product_tag?post=1244"},{"taxonomy":"settore_applicazione","embeddable":true,"href":"https:\/\/www.italdibipack.com\/fr\/wp-json\/wp\/v2\/settore_applicazione?post=1244"},{"taxonomy":"campo_applicativo","embeddable":true,"href":"https:\/\/www.italdibipack.com\/fr\/wp-json\/wp\/v2\/campo_applicativo?post=1244"}],"curies":[{"name":"wp","href":"https:\/\/api.w.org\/{rel}","templated":true}]}}