{"id":1245,"date":"2022-06-15T15:13:57","date_gmt":"2022-07-04T15:52:43","guid":{"rendered":"https:\/\/italdibipack.bozzaonline.it\/prodotto\/green-film\/"},"modified":"2024-09-27T10:29:07","modified_gmt":"2024-09-27T10:29:07","slug":"green-film","status":"publish","type":"product","link":"https:\/\/www.italdibipack.com\/fr\/produit\/green-film\/","title":{"rendered":"GREEN FILM"},"content":{"rendered":"","protected":false},"excerpt":{"rendered":"<p>Id\u00e9al pour les machines semi-automatiques automatiques et aussi pour les machines d\u2019emballage \u00e0 cloche manuelle. Il s\u2019agit d\u2019un film totalement recyclable et \u00e9cologique, adapt\u00e9 \u00e0 l\u2019utilisation des aliments et \u00e0 basse temp\u00e9rature, et en fait peut \u00e9galement \u00eatre utilis\u00e9 pour les produits r\u00e9frig\u00e9r\u00e9s et congel\u00e9s.<\/p>\n<p>Contrairement \u00e0 d\u2019autres types de film, il a une capacit\u00e9 de r\u00e9tractation tr\u00e8s rapide, m\u00eame \u00e0 basse temp\u00e9rature et une excellente soudure, m\u00eame \u00e0 grande vitesse.<\/p>\n<p>Ses propri\u00e9t\u00e9s ne changent pas m\u00eame apr\u00e8s de longs stockages. Il est extr\u00eamement transparent, brillant et s\u2019int\u00e8gre parfaitement dans la forme des paquets.<\/p>\n<ul>\n<li>Laizes disponibles: 200 \u00e0 700 mm<\/li>\n<li>\u00c9paisseurs: 15 \/ 19 \/ 25 micron<\/li>\n<li>\u00c9galement disponible micro-perfor\u00e9, laizes de 200 \u00e0 500 mm<\/li>\n<\/ul>\n","protected":false},"featured_media":14213,"template":"","meta":{"_acf_changed":false,"_seopress_robots_primary_cat":"","_seopress_titles_title":"GREEN FILM: Film R\u00e9tractable \u00c9cologique | ITALDIBIPACK","_seopress_titles_desc":"Film r\u00e9tractable \u00e9cologique et recyclable. Choisissez la durabilit\u00e9 pour votre emballage avec GREEN FILM.","_seopress_robots_index":"","_eb_attr":"","_gspb_post_css":"","_kad_blocks_custom_css":"","_kad_blocks_head_custom_js":"","_kad_blocks_body_custom_js":"","_kad_blocks_footer_custom_js":"","_eb_data_table":"","_kad_post_transparent":"default","_kad_post_title":"","_kad_post_layout":"default","_kad_post_sidebar_id":"","_kad_post_content_style":"default","_kad_post_vertical_padding":"default","_kad_post_feature":"","_kad_post_feature_position":"","_kad_post_header":false,"_kad_post_footer":false,"_kad_post_classname":""},"product_brand":[],"product_cat":[127,117],"product_tag":[],"settore_applicazione":[],"campo_applicativo":[],"class_list":{"0":"post-1245","1":"product","2":"type-product","3":"status-publish","4":"has-post-thumbnail","6":"product_cat-film-thermoretractable","7":"product_cat-materiaux","9":"first","10":"instock","11":"taxable","12":"shipping-taxable","13":"purchasable","14":"product-type-simple","15":"entry","16":"content-bg","17":"loop-entry"},"acf":[],"taxonomy_info":{"product_cat":[{"value":127,"label":"Film thermor\u00e9tractable"},{"value":117,"label":"Mat\u00e9riaux"}]},"featured_image_src_large":["https:\/\/www.italdibipack.com\/wp-content\/uploads\/2022\/06\/GREEN-FILM-film-termoretraibili-ITALDIBIPACK-1024x1024.png",1024,1024,true],"author_info":[],"comment_info":"","_links":{"self":[{"href":"https:\/\/www.italdibipack.com\/fr\/wp-json\/wp\/v2\/product\/1245","targetHints":{"allow":["GET"]}}],"collection":[{"href":"https:\/\/www.italdibipack.com\/fr\/wp-json\/wp\/v2\/product"}],"about":[{"href":"https:\/\/www.italdibipack.com\/fr\/wp-json\/wp\/v2\/types\/product"}],"wp:featuredmedia":[{"embeddable":true,"href":"https:\/\/www.italdibipack.com\/fr\/wp-json\/wp\/v2\/media\/14213"}],"wp:attachment":[{"href":"https:\/\/www.italdibipack.com\/fr\/wp-json\/wp\/v2\/media?parent=1245"}],"wp:term":[{"taxonomy":"product_brand","embeddable":true,"href":"https:\/\/www.italdibipack.com\/fr\/wp-json\/wp\/v2\/product_brand?post=1245"},{"taxonomy":"product_cat","embeddable":true,"href":"https:\/\/www.italdibipack.com\/fr\/wp-json\/wp\/v2\/product_cat?post=1245"},{"taxonomy":"product_tag","embeddable":true,"href":"https:\/\/www.italdibipack.com\/fr\/wp-json\/wp\/v2\/product_tag?post=1245"},{"taxonomy":"settore_applicazione","embeddable":true,"href":"https:\/\/www.italdibipack.com\/fr\/wp-json\/wp\/v2\/settore_applicazione?post=1245"},{"taxonomy":"campo_applicativo","embeddable":true,"href":"https:\/\/www.italdibipack.com\/fr\/wp-json\/wp\/v2\/campo_applicativo?post=1245"}],"curies":[{"name":"wp","href":"https:\/\/api.w.org\/{rel}","templated":true}]}}