{"id":1246,"date":"2022-06-15T15:14:18","date_gmt":"2022-07-04T15:52:43","guid":{"rendered":"https:\/\/italdibipack.bozzaonline.it\/prodotto\/blue-film\/"},"modified":"2024-09-27T10:27:00","modified_gmt":"2024-09-27T10:27:00","slug":"blue-film","status":"publish","type":"product","link":"https:\/\/www.italdibipack.com\/fr\/produit\/blue-film\/","title":{"rendered":"BLUE FILM"},"content":{"rendered":"","protected":false},"excerpt":{"rendered":"<p>Le film de retraction en PVC est un film utilis\u00e9 \u00e0 la fois dans les secteurs technique et alimentaire (PVC alimentaire). C\u2019est un film d\u2019emballage tr\u00e8s polyvalent, pratique et appr\u00e9ci\u00e9, gr\u00e2ce \u00e0 sa transparence, son \u00e9clat et ses caract\u00e9ristiques m\u00e9caniques qui en font un film capable de r\u00e9tracter \u00e0 basse temp\u00e9rature avec d\u2019excellents r\u00e9sultats m\u00eame sur de petits produits et caract\u00e9ris\u00e9 par une excellente soudure m\u00eame \u00e0 grande vitesse.<\/p>\n<p>Le film en PVC est id\u00e9al pour les machines d\u2019emballage r\u00e9tractables simplifi\u00e9es et semi-automatiques.<\/p>\n<p>Les bobines sont \u00e9galement disponibles avec un diam\u00e8tre de 20 cm pour les petites machines.<\/p>\n<ul>\n<li>Laizes disponibles: 200 \u00e0 800 mm<\/li>\n<li>\u00c9paisseurs : 18-20-30 et 40 \u00b5m<\/li>\n<\/ul>\n","protected":false},"featured_media":14224,"template":"","meta":{"_acf_changed":false,"_seopress_robots_primary_cat":"","_seopress_titles_title":"BLUE FILM: Film R\u00e9tractable en PVC | ITALDIBIPACK","_seopress_titles_desc":"Film r\u00e9tractable PVC polyvalent et haute clart\u00e9. Id\u00e9al pour un emballage professionnel technique et alimentaire.","_seopress_robots_index":"","_eb_attr":"","_gspb_post_css":"","_kad_blocks_custom_css":"","_kad_blocks_head_custom_js":"","_kad_blocks_body_custom_js":"","_kad_blocks_footer_custom_js":"","_eb_data_table":"","_kad_post_transparent":"default","_kad_post_title":"","_kad_post_layout":"default","_kad_post_sidebar_id":"","_kad_post_content_style":"default","_kad_post_vertical_padding":"default","_kad_post_feature":"","_kad_post_feature_position":"","_kad_post_header":false,"_kad_post_footer":false,"_kad_post_classname":""},"product_brand":[],"product_cat":[127,117],"product_tag":[],"settore_applicazione":[],"campo_applicativo":[],"class_list":{"0":"post-1246","1":"product","2":"type-product","3":"status-publish","4":"has-post-thumbnail","6":"product_cat-film-thermoretractable","7":"product_cat-materiaux","9":"first","10":"instock","11":"taxable","12":"shipping-taxable","13":"product-type-simple","14":"entry","15":"content-bg","16":"loop-entry"},"acf":[],"taxonomy_info":{"product_cat":[{"value":127,"label":"Film thermor\u00e9tractable"},{"value":117,"label":"Mat\u00e9riaux"}]},"featured_image_src_large":["https:\/\/www.italdibipack.com\/wp-content\/uploads\/2022\/06\/BLUE-FILM-film-termoretraibili-ITALDIBIPACK-1024x1024.png",1024,1024,true],"author_info":[],"comment_info":"","_links":{"self":[{"href":"https:\/\/www.italdibipack.com\/fr\/wp-json\/wp\/v2\/product\/1246","targetHints":{"allow":["GET"]}}],"collection":[{"href":"https:\/\/www.italdibipack.com\/fr\/wp-json\/wp\/v2\/product"}],"about":[{"href":"https:\/\/www.italdibipack.com\/fr\/wp-json\/wp\/v2\/types\/product"}],"wp:featuredmedia":[{"embeddable":true,"href":"https:\/\/www.italdibipack.com\/fr\/wp-json\/wp\/v2\/media\/14224"}],"wp:attachment":[{"href":"https:\/\/www.italdibipack.com\/fr\/wp-json\/wp\/v2\/media?parent=1246"}],"wp:term":[{"taxonomy":"product_brand","embeddable":true,"href":"https:\/\/www.italdibipack.com\/fr\/wp-json\/wp\/v2\/product_brand?post=1246"},{"taxonomy":"product_cat","embeddable":true,"href":"https:\/\/www.italdibipack.com\/fr\/wp-json\/wp\/v2\/product_cat?post=1246"},{"taxonomy":"product_tag","embeddable":true,"href":"https:\/\/www.italdibipack.com\/fr\/wp-json\/wp\/v2\/product_tag?post=1246"},{"taxonomy":"settore_applicazione","embeddable":true,"href":"https:\/\/www.italdibipack.com\/fr\/wp-json\/wp\/v2\/settore_applicazione?post=1246"},{"taxonomy":"campo_applicativo","embeddable":true,"href":"https:\/\/www.italdibipack.com\/fr\/wp-json\/wp\/v2\/campo_applicativo?post=1246"}],"curies":[{"name":"wp","href":"https:\/\/api.w.org\/{rel}","templated":true}]}}