{"id":1247,"date":"2022-06-15T15:13:57","date_gmt":"2022-07-04T15:52:43","guid":{"rendered":"https:\/\/italdibipack.bozzaonline.it\/prodotto\/golden-film\/"},"modified":"2024-09-27T10:28:08","modified_gmt":"2024-09-27T10:28:08","slug":"golden-film","status":"publish","type":"product","link":"https:\/\/www.italdibipack.com\/fr\/produit\/golden-film\/","title":{"rendered":"GOLDEN FILM"},"content":{"rendered":"<p>Le Film GOLD est un film en polyolefin irradi\u00e9 id\u00e9al pour les machines d\u2019emballage r\u00e9tractable automatique. C\u2019est un film extr\u00eamement transparent, avec une r\u00e9tractation tr\u00e8s rapide \u00e0 la fois \u00e0 basse et haute temp\u00e9rature, ainsi q\u2019une excellente soudure, m\u00eame \u00e0 grande vitesse. Il s\u2019adapte parfaitement \u00e0 la forme des emballages et peut \u00e9galement \u00eatre utilis\u00e9 pour un usage alimentaire. Id\u00e9al pour les machines automatiques gr\u00e2ce \u00e0 leur structure mol\u00e9culaire\u00a0 particulierement adapt\u00e9e pour une utilisation avec des produits alimentaires Haute capacit\u00e9 de r\u00e9sistance au soudage m\u00e9canique, m\u00eame \u00e0 grande vitesse; Excellente r\u00e9tractation \u00e0 des temp\u00e9ratures basses et \u00e9lev\u00e9es Laizes\u00a0 disponibles : de 200 \u00e0 700 mm \u00c9paisseurs : 15 et 19 microns<\/p>\n","protected":false},"excerpt":{"rendered":"<p>Le Film GOLD est un film en polyolefin irradi\u00e9 id\u00e9al pour les machines d\u2019emballage r\u00e9tractable automatique. C\u2019est un film extr\u00eamement transparent, avec une r\u00e9tractation tr\u00e8s rapide \u00e0 la fois \u00e0 basse et haute temp\u00e9rature, ainsi q\u2019une excellente soudure, m\u00eame \u00e0 grande vitesse. Il s\u2019adapte parfaitement \u00e0 la forme des emballages et peut \u00e9galement \u00eatre utilis\u00e9 pour un usage alimentaire. Id\u00e9al pour les machines automatiques gr\u00e2ce \u00e0 leur structure mol\u00e9culaire\u00a0 particulierement adapt\u00e9e pour une utilisation avec des produits alimentaires Haute capacit\u00e9 de r\u00e9sistance au soudage m\u00e9canique, m\u00eame \u00e0 grande vitesse; Excellente r\u00e9tractation \u00e0 des temp\u00e9ratures basses et \u00e9lev\u00e9es.<\/p>\n<p>Laizes\u00a0 disponibles : de 200 \u00e0 700 mm<\/p>\n<p>\u00c9paisseurs : 15 et 19 microns<\/p>\n","protected":false},"featured_media":14234,"template":"","meta":{"_acf_changed":false,"_seopress_robots_primary_cat":"","_seopress_titles_title":"GOLDEN FILM: Film R\u00e9tractable Premium | ITALDIBIPACK","_seopress_titles_desc":"Film r\u00e9tractable de haute qualit\u00e0 per un emballage brillant y protettivo. Excellent rendu esth\u00e9tique.","_seopress_robots_index":"","_eb_attr":"","_gspb_post_css":"","_kad_blocks_custom_css":"","_kad_blocks_head_custom_js":"","_kad_blocks_body_custom_js":"","_kad_blocks_footer_custom_js":"","_eb_data_table":"","_kad_post_transparent":"default","_kad_post_title":"","_kad_post_layout":"default","_kad_post_sidebar_id":"","_kad_post_content_style":"default","_kad_post_vertical_padding":"default","_kad_post_feature":"","_kad_post_feature_position":"","_kad_post_header":false,"_kad_post_footer":false,"_kad_post_classname":""},"product_brand":[],"product_cat":[127,117],"product_tag":[],"settore_applicazione":[],"campo_applicativo":[],"class_list":{"0":"post-1247","1":"product","2":"type-product","3":"status-publish","4":"has-post-thumbnail","6":"product_cat-film-thermoretractable","7":"product_cat-materiaux","9":"first","10":"instock","11":"taxable","12":"shipping-taxable","13":"product-type-simple","14":"entry","15":"content-bg","16":"loop-entry"},"acf":[],"taxonomy_info":{"product_cat":[{"value":127,"label":"Film thermor\u00e9tractable"},{"value":117,"label":"Mat\u00e9riaux"}]},"featured_image_src_large":["https:\/\/www.italdibipack.com\/wp-content\/uploads\/2022\/06\/GOLDEN-FILM-film-termoretraibili-ITALDIBIPACK-1024x1024.png",1024,1024,true],"author_info":[],"comment_info":"","_links":{"self":[{"href":"https:\/\/www.italdibipack.com\/fr\/wp-json\/wp\/v2\/product\/1247","targetHints":{"allow":["GET"]}}],"collection":[{"href":"https:\/\/www.italdibipack.com\/fr\/wp-json\/wp\/v2\/product"}],"about":[{"href":"https:\/\/www.italdibipack.com\/fr\/wp-json\/wp\/v2\/types\/product"}],"wp:featuredmedia":[{"embeddable":true,"href":"https:\/\/www.italdibipack.com\/fr\/wp-json\/wp\/v2\/media\/14234"}],"wp:attachment":[{"href":"https:\/\/www.italdibipack.com\/fr\/wp-json\/wp\/v2\/media?parent=1247"}],"wp:term":[{"taxonomy":"product_brand","embeddable":true,"href":"https:\/\/www.italdibipack.com\/fr\/wp-json\/wp\/v2\/product_brand?post=1247"},{"taxonomy":"product_cat","embeddable":true,"href":"https:\/\/www.italdibipack.com\/fr\/wp-json\/wp\/v2\/product_cat?post=1247"},{"taxonomy":"product_tag","embeddable":true,"href":"https:\/\/www.italdibipack.com\/fr\/wp-json\/wp\/v2\/product_tag?post=1247"},{"taxonomy":"settore_applicazione","embeddable":true,"href":"https:\/\/www.italdibipack.com\/fr\/wp-json\/wp\/v2\/settore_applicazione?post=1247"},{"taxonomy":"campo_applicativo","embeddable":true,"href":"https:\/\/www.italdibipack.com\/fr\/wp-json\/wp\/v2\/campo_applicativo?post=1247"}],"curies":[{"name":"wp","href":"https:\/\/api.w.org\/{rel}","templated":true}]}}