{"id":1248,"date":"2022-06-15T15:14:18","date_gmt":"2022-07-04T15:52:43","guid":{"rendered":"https:\/\/italdibipack.bozzaonline.it\/prodotto\/dibiflow-300\/"},"modified":"2024-09-20T15:43:47","modified_gmt":"2024-09-20T15:43:47","slug":"dibiflow-300","status":"publish","type":"product","link":"https:\/\/www.italdibipack.com\/fr\/produit\/dibiflow-300\/","title":{"rendered":"DIBIFLOW 300"},"content":{"rendered":"","protected":false},"excerpt":{"rendered":"<h3>LA PETITE MACHINE FLOWPACK AUX GRANDES PRESTATIONS<\/h3>\n<p>DIBIFLOW 300 est l&rsquo;une des plus petites machines flowpack avec de tr\u00e8s grandes prestations!<\/p>\n<p>L&rsquo;id\u00e9al pour le secteur alimentaire, p\u00e2tisseries, glaces, cosm\u00e9tique, pharmaceutique, articles techniques, composants, pi\u00e8ces d\u00e9tach\u00e9es, assemblage de toute sorte, \u00e9lectronique &#8230;<\/p>\n<p><strong>DIBIFLOW 300<\/strong> a \u00e9t\u00e9 concue pour r\u00e9soudre les exigences de protection et conservation dans le respect des normes hygi\u00e8niques et alimentaires toujours plus rigoureuses et pour valoriser en m\u00e8me temps l&rsquo;image et la pr\u00e9sentation du produit qui est sans doute un avantage pour la commercialisation et les nouvelles r\u00e9alit\u00e9s de distribution.<\/p>\n","protected":false},"featured_media":15302,"template":"","meta":{"_acf_changed":false,"_seopress_robots_primary_cat":"","_seopress_titles_title":"DIBIFLOW 300: Machine Flowpack | ITALDIBIPACK","_seopress_titles_desc":"Machine flowpack horizontale compacte et polyvalente. Id\u00e9ale pour l'emballage de produits alimentaires et techniques.","_seopress_robots_index":"","_eb_attr":"","_gspb_post_css":"","_kad_blocks_custom_css":"","_kad_blocks_head_custom_js":"","_kad_blocks_body_custom_js":"","_kad_blocks_footer_custom_js":"","_eb_data_table":"","_kad_post_transparent":"default","_kad_post_title":"","_kad_post_layout":"default","_kad_post_sidebar_id":"","_kad_post_content_style":"default","_kad_post_vertical_padding":"default","_kad_post_feature":"","_kad_post_feature_position":"","_kad_post_header":false,"_kad_post_footer":false,"_kad_post_classname":""},"product_brand":[],"product_cat":[346],"product_tag":[],"settore_applicazione":[],"campo_applicativo":[],"class_list":{"0":"post-1248","1":"product","2":"type-product","3":"status-publish","4":"has-post-thumbnail","6":"product_cat-machines-demballage-flowpack","8":"first","9":"instock","10":"taxable","11":"shipping-taxable","12":"product-type-simple","13":"entry","14":"content-bg","15":"loop-entry"},"acf":[],"taxonomy_info":{"product_cat":[{"value":346,"label":"Machines d\u2019emballage flowpack"}]},"featured_image_src_large":["https:\/\/www.italdibipack.com\/wp-content\/uploads\/2024\/02\/DIBIFLOW-300-confezionatrici-flowpack-ITALDIBIPACK-griglia-1024x1024.jpg",1024,1024,true],"author_info":[],"comment_info":"","_links":{"self":[{"href":"https:\/\/www.italdibipack.com\/fr\/wp-json\/wp\/v2\/product\/1248","targetHints":{"allow":["GET"]}}],"collection":[{"href":"https:\/\/www.italdibipack.com\/fr\/wp-json\/wp\/v2\/product"}],"about":[{"href":"https:\/\/www.italdibipack.com\/fr\/wp-json\/wp\/v2\/types\/product"}],"wp:featuredmedia":[{"embeddable":true,"href":"https:\/\/www.italdibipack.com\/fr\/wp-json\/wp\/v2\/media\/15302"}],"wp:attachment":[{"href":"https:\/\/www.italdibipack.com\/fr\/wp-json\/wp\/v2\/media?parent=1248"}],"wp:term":[{"taxonomy":"product_brand","embeddable":true,"href":"https:\/\/www.italdibipack.com\/fr\/wp-json\/wp\/v2\/product_brand?post=1248"},{"taxonomy":"product_cat","embeddable":true,"href":"https:\/\/www.italdibipack.com\/fr\/wp-json\/wp\/v2\/product_cat?post=1248"},{"taxonomy":"product_tag","embeddable":true,"href":"https:\/\/www.italdibipack.com\/fr\/wp-json\/wp\/v2\/product_tag?post=1248"},{"taxonomy":"settore_applicazione","embeddable":true,"href":"https:\/\/www.italdibipack.com\/fr\/wp-json\/wp\/v2\/settore_applicazione?post=1248"},{"taxonomy":"campo_applicativo","embeddable":true,"href":"https:\/\/www.italdibipack.com\/fr\/wp-json\/wp\/v2\/campo_applicativo?post=1248"}],"curies":[{"name":"wp","href":"https:\/\/api.w.org\/{rel}","templated":true}]}}