{"id":1249,"date":"2022-06-15T15:14:18","date_gmt":"2022-07-04T15:52:43","guid":{"rendered":"https:\/\/italdibipack.bozzaonline.it\/prodotto\/dibiflow-500\/"},"modified":"2024-09-20T15:44:50","modified_gmt":"2024-09-20T15:44:50","slug":"dibiflow-500","status":"publish","type":"product","link":"https:\/\/www.italdibipack.com\/fr\/produit\/dibiflow-500\/","title":{"rendered":"LIGNE DIBIFLOW"},"content":{"rendered":"","protected":false},"excerpt":{"rendered":"<h3>LIGNE DIBIFLOW, HAUTE QUALITE ET SIMPLE A UTILISER<\/h3>\n<p>Ligne Dibiflow c&rsquo;est une ligne de machines horizontales \u00e0 haute qualit\u00e9 caract\u00e9ris\u00e9e par sa facilit\u00e9 d&rsquo;utilisation et con\u00e7ue pour \u00eatre personnalis\u00e9e en fonction des plus vari\u00e9es exigences de conditionnement en flowpack. La ligne DIBIFLOW est disponible en diff\u00e9rentes versions en fonction de la taille du produit \u00e0 conditionner.<\/p>\n","protected":false},"featured_media":15317,"template":"","meta":{"_acf_changed":false,"_seopress_robots_primary_cat":"","_seopress_titles_title":"Ligne DIBIFLOW: Emballeuses Flowpack | ITALDIBIPACK","_seopress_titles_desc":"D\u00e9couvrez la s\u00e9rie DIBIFLOW de machines flowpack horizontales. Technologie avanc\u00e9e pour un emballage flexible.","_seopress_robots_index":"","_eb_attr":"","_gspb_post_css":"","_kad_blocks_custom_css":"","_kad_blocks_head_custom_js":"","_kad_blocks_body_custom_js":"","_kad_blocks_footer_custom_js":"","_eb_data_table":"","_kad_post_transparent":"default","_kad_post_title":"","_kad_post_layout":"default","_kad_post_sidebar_id":"","_kad_post_content_style":"default","_kad_post_vertical_padding":"default","_kad_post_feature":"","_kad_post_feature_position":"","_kad_post_header":false,"_kad_post_footer":false,"_kad_post_classname":""},"product_brand":[],"product_cat":[346],"product_tag":[],"settore_applicazione":[],"campo_applicativo":[],"class_list":{"0":"post-1249","1":"product","2":"type-product","3":"status-publish","4":"has-post-thumbnail","6":"product_cat-machines-demballage-flowpack","8":"first","9":"instock","10":"taxable","11":"shipping-taxable","12":"product-type-simple","13":"entry","14":"content-bg","15":"loop-entry"},"acf":[],"taxonomy_info":{"product_cat":[{"value":346,"label":"Machines d\u2019emballage flowpack"}]},"featured_image_src_large":["https:\/\/www.italdibipack.com\/wp-content\/uploads\/2024\/02\/DIBIFLOW-500-confezionatrici-flowpack-ITALDIBIPACK-griglia-1024x1024.jpg",1024,1024,true],"author_info":[],"comment_info":"","_links":{"self":[{"href":"https:\/\/www.italdibipack.com\/fr\/wp-json\/wp\/v2\/product\/1249","targetHints":{"allow":["GET"]}}],"collection":[{"href":"https:\/\/www.italdibipack.com\/fr\/wp-json\/wp\/v2\/product"}],"about":[{"href":"https:\/\/www.italdibipack.com\/fr\/wp-json\/wp\/v2\/types\/product"}],"wp:featuredmedia":[{"embeddable":true,"href":"https:\/\/www.italdibipack.com\/fr\/wp-json\/wp\/v2\/media\/15317"}],"wp:attachment":[{"href":"https:\/\/www.italdibipack.com\/fr\/wp-json\/wp\/v2\/media?parent=1249"}],"wp:term":[{"taxonomy":"product_brand","embeddable":true,"href":"https:\/\/www.italdibipack.com\/fr\/wp-json\/wp\/v2\/product_brand?post=1249"},{"taxonomy":"product_cat","embeddable":true,"href":"https:\/\/www.italdibipack.com\/fr\/wp-json\/wp\/v2\/product_cat?post=1249"},{"taxonomy":"product_tag","embeddable":true,"href":"https:\/\/www.italdibipack.com\/fr\/wp-json\/wp\/v2\/product_tag?post=1249"},{"taxonomy":"settore_applicazione","embeddable":true,"href":"https:\/\/www.italdibipack.com\/fr\/wp-json\/wp\/v2\/settore_applicazione?post=1249"},{"taxonomy":"campo_applicativo","embeddable":true,"href":"https:\/\/www.italdibipack.com\/fr\/wp-json\/wp\/v2\/campo_applicativo?post=1249"}],"curies":[{"name":"wp","href":"https:\/\/api.w.org\/{rel}","templated":true}]}}