{"id":1250,"date":"2022-06-15T15:13:57","date_gmt":"2022-07-04T15:52:43","guid":{"rendered":"https:\/\/italdibipack.bozzaonline.it\/prodotto\/dibiflow-mc\/"},"modified":"2026-01-27T16:56:42","modified_gmt":"2026-01-27T16:56:42","slug":"dibiflow-mc","status":"publish","type":"product","link":"https:\/\/www.italdibipack.com\/fr\/produit\/dibiflow-mc\/","title":{"rendered":"DIBIFLOW MC"},"content":{"rendered":"","protected":false},"excerpt":{"rendered":"<h3>DIBIFLOW MC, LA PLUS PETITE FLOWPACK HORIZONTALE AUTOMATIQUE<\/h3>\n<p>Dibiflow MC est une machine automatique horizontale disponible en version acier inoxydable.<\/p>\n<p>Elle a \u00e9t\u00e9 concue pour r\u00e9soudre les exigences de protection et de conservations dans le respect des normes hygi\u00e9niques et alimentaires qui sont de plus en plus rigoureuses. mais aussi pour valoriser en m\u00eame temps l&rsquo;image et la pr\u00e9sentation du produit qui est sans doute un avantage pour la commercialisation et les nouvelles r\u00e9alit\u00e9s de distribution.<\/p>\n<p>Elle est l&rsquo;unique \u00e0 r\u00e9pondre aux r\u00e9elles exigences et attentes du march\u00e9, comme par exemple dans le secteur alimentaire, les mono-doses des p\u00e2tisseries ou bien comme certains composants et articles techniques.<\/p>\n","protected":false},"featured_media":23223,"template":"","meta":{"_acf_changed":false,"_seopress_robots_primary_cat":"none","_seopress_titles_title":"DIBIFLOW MC: Emballeuse Flowpack | ITALDIBIPACK","_seopress_titles_desc":"La s\u00e9rie DIBIFLOW MC offre des solutions flowpack compactes et f\u00e1ciles \u00e0 utiliser. Id\u00e9al pour petits produits.","_seopress_robots_index":"","_eb_attr":"","_gspb_post_css":"","_kad_blocks_custom_css":"","_kad_blocks_head_custom_js":"","_kad_blocks_body_custom_js":"","_kad_blocks_footer_custom_js":"","_eb_data_table":"","_kad_post_transparent":"default","_kad_post_title":"","_kad_post_layout":"default","_kad_post_sidebar_id":"","_kad_post_content_style":"default","_kad_post_vertical_padding":"default","_kad_post_feature":"","_kad_post_feature_position":"","_kad_post_header":false,"_kad_post_footer":false,"_kad_post_classname":""},"product_brand":[],"product_cat":[346],"product_tag":[],"settore_applicazione":[],"campo_applicativo":[],"class_list":{"0":"post-1250","1":"product","2":"type-product","3":"status-publish","4":"has-post-thumbnail","6":"product_cat-machines-demballage-flowpack","8":"first","9":"instock","10":"taxable","11":"shipping-taxable","12":"product-type-simple","13":"entry","14":"content-bg","15":"loop-entry"},"acf":[],"taxonomy_info":{"product_cat":[{"value":346,"label":"Machines d\u2019emballage flowpack"}]},"featured_image_src_large":["https:\/\/www.italdibipack.com\/wp-content\/uploads\/2022\/06\/DIBIFLOW-MC-confezionatrici-flowpack-ITALDIBIPACK-griglia-1024x1024.jpg",1024,1024,true],"author_info":[],"comment_info":"","_links":{"self":[{"href":"https:\/\/www.italdibipack.com\/fr\/wp-json\/wp\/v2\/product\/1250","targetHints":{"allow":["GET"]}}],"collection":[{"href":"https:\/\/www.italdibipack.com\/fr\/wp-json\/wp\/v2\/product"}],"about":[{"href":"https:\/\/www.italdibipack.com\/fr\/wp-json\/wp\/v2\/types\/product"}],"wp:featuredmedia":[{"embeddable":true,"href":"https:\/\/www.italdibipack.com\/fr\/wp-json\/wp\/v2\/media\/23223"}],"wp:attachment":[{"href":"https:\/\/www.italdibipack.com\/fr\/wp-json\/wp\/v2\/media?parent=1250"}],"wp:term":[{"taxonomy":"product_brand","embeddable":true,"href":"https:\/\/www.italdibipack.com\/fr\/wp-json\/wp\/v2\/product_brand?post=1250"},{"taxonomy":"product_cat","embeddable":true,"href":"https:\/\/www.italdibipack.com\/fr\/wp-json\/wp\/v2\/product_cat?post=1250"},{"taxonomy":"product_tag","embeddable":true,"href":"https:\/\/www.italdibipack.com\/fr\/wp-json\/wp\/v2\/product_tag?post=1250"},{"taxonomy":"settore_applicazione","embeddable":true,"href":"https:\/\/www.italdibipack.com\/fr\/wp-json\/wp\/v2\/settore_applicazione?post=1250"},{"taxonomy":"campo_applicativo","embeddable":true,"href":"https:\/\/www.italdibipack.com\/fr\/wp-json\/wp\/v2\/campo_applicativo?post=1250"}],"curies":[{"name":"wp","href":"https:\/\/api.w.org\/{rel}","templated":true}]}}