{"id":1255,"date":"2022-06-15T15:14:38","date_gmt":"2022-07-04T15:53:25","guid":{"rendered":"https:\/\/italdibipack.bozzaonline.it\/prodotto\/deltareg-aa-132\/"},"modified":"2024-09-20T16:20:05","modified_gmt":"2024-09-20T16:20:05","slug":"deltareg-aa-132","status":"publish","type":"product","link":"https:\/\/www.italdibipack.com\/fr\/produit\/deltareg-aa-132\/","title":{"rendered":"DELTAREG AA 132"},"content":{"rendered":"","protected":false},"excerpt":{"rendered":"<h3>Les cercleuse semi-automatique avec\u00a0t\u00eate et\u00a0ba\u00efonnett<\/h3>\n<p>Les cercleuse semi-automatiques sont particuli\u00e8rement l&rsquo;ideal pour r\u00e8soudre vos problemes d&#8217;emballage de petites palettes.<\/p>\n<p>Dot\u00e8e d&rsquo;une\u00a0ba\u00efonnett, d&rsquo;une charni\u00e8re et relevable a 90\u00b0 permet d&rsquo;optimiser l&rsquo;espace apr\u00e8s l&rsquo;itilisation, 4 roues pivotantes pour un rapide positionnement de lacercleuse tout en facilitant le passage du feuillard \u00e0 travers la palette en emballage, et la recuperation de l&rsquo;autre bout du feuillard.<\/p>\n<p>La soudure du feuillard se fait par fusion de ce dernier\u00a0gr\u00e2ce \u00e0 la pemp\u00e9rature de la lame chaude controll\u00e9e par un thermor\u00e9gulateur.<\/p>\n<p>R\u00e9glage de la tension \u00e9lectronique. Pr\u00e9-lancement et lancement\u00a0 du feuillard r\u00e9gl\u00e9s par un potentiom\u00e8tre, un interrupteur pour ult\u00e8rieurs lancements du feuillard.<\/p>\n","protected":false},"featured_media":15242,"template":"","meta":{"_acf_changed":false,"_seopress_robots_primary_cat":"","_seopress_titles_title":"DELTAREG AA 132: Machine d'Emballage Flowpack | ITALDIBIPACK","_seopress_titles_desc":"D\u00e9couvrez la DELTAREG AA 132, machine flowpack horizontale \u00e9lectronique. Polyvalence et pr\u00e9cision pour tout type d'emballage.","_seopress_robots_index":"","_eb_attr":"","_gspb_post_css":"","_kad_blocks_custom_css":"","_kad_blocks_head_custom_js":"","_kad_blocks_body_custom_js":"","_kad_blocks_footer_custom_js":"","_eb_data_table":"","_kad_post_transparent":"default","_kad_post_title":"","_kad_post_layout":"default","_kad_post_sidebar_id":"","_kad_post_content_style":"default","_kad_post_vertical_padding":"default","_kad_post_feature":"","_kad_post_feature_position":"","_kad_post_header":false,"_kad_post_footer":false,"_kad_post_classname":""},"product_brand":[],"product_cat":[114],"product_tag":[],"settore_applicazione":[],"campo_applicativo":[],"class_list":{"0":"post-1255","1":"product","2":"type-product","3":"status-publish","4":"has-post-thumbnail","6":"product_cat-systemes-de-feuillard","8":"first","9":"instock","10":"taxable","11":"shipping-taxable","12":"product-type-simple","13":"entry","14":"content-bg","15":"loop-entry"},"acf":[],"taxonomy_info":{"product_cat":[{"value":114,"label":"Syst\u00e8mes de feuillard"}]},"featured_image_src_large":["https:\/\/www.italdibipack.com\/wp-content\/uploads\/2024\/02\/DELTAREG-AA-132-reggiatrici-ITALDIBIPACK-griglia-1024x1024.jpg",1024,1024,true],"author_info":[],"comment_info":"","_links":{"self":[{"href":"https:\/\/www.italdibipack.com\/fr\/wp-json\/wp\/v2\/product\/1255","targetHints":{"allow":["GET"]}}],"collection":[{"href":"https:\/\/www.italdibipack.com\/fr\/wp-json\/wp\/v2\/product"}],"about":[{"href":"https:\/\/www.italdibipack.com\/fr\/wp-json\/wp\/v2\/types\/product"}],"wp:featuredmedia":[{"embeddable":true,"href":"https:\/\/www.italdibipack.com\/fr\/wp-json\/wp\/v2\/media\/15242"}],"wp:attachment":[{"href":"https:\/\/www.italdibipack.com\/fr\/wp-json\/wp\/v2\/media?parent=1255"}],"wp:term":[{"taxonomy":"product_brand","embeddable":true,"href":"https:\/\/www.italdibipack.com\/fr\/wp-json\/wp\/v2\/product_brand?post=1255"},{"taxonomy":"product_cat","embeddable":true,"href":"https:\/\/www.italdibipack.com\/fr\/wp-json\/wp\/v2\/product_cat?post=1255"},{"taxonomy":"product_tag","embeddable":true,"href":"https:\/\/www.italdibipack.com\/fr\/wp-json\/wp\/v2\/product_tag?post=1255"},{"taxonomy":"settore_applicazione","embeddable":true,"href":"https:\/\/www.italdibipack.com\/fr\/wp-json\/wp\/v2\/settore_applicazione?post=1255"},{"taxonomy":"campo_applicativo","embeddable":true,"href":"https:\/\/www.italdibipack.com\/fr\/wp-json\/wp\/v2\/campo_applicativo?post=1255"}],"curies":[{"name":"wp","href":"https:\/\/api.w.org\/{rel}","templated":true}]}}