{"id":1257,"date":"2022-06-15T15:14:38","date_gmt":"2022-07-04T15:53:25","guid":{"rendered":"https:\/\/italdibipack.bozzaonline.it\/prodotto\/dibipack-4255-sa-ev\/"},"modified":"2024-09-20T15:07:22","modified_gmt":"2024-09-20T15:07:22","slug":"dibipack-4255-sa-ev","status":"publish","type":"product","link":"https:\/\/www.italdibipack.com\/fr\/produit\/dibipack-4255-sa-ev\/","title":{"rendered":"DIBIPACK 4255 SA EV"},"content":{"rendered":"<h3>DIBIPACK EVOLUTION: au \u201ctop\u201d de la gamme des cloches thermor\u00e9tractables<\/h3>\n<p>Un seul operateur. Augmentation de l\u2019exploitation des productions plus soutenues. Logique avanc\u00e9e de gestion et de contr\u00f4le des cycles.<\/p>\n","protected":false},"excerpt":{"rendered":"<h3>DIBIPACK EVOLUTION: au \u201ctop\u201d de la gamme des cloches thermor\u00e9tractables<\/h3>\n<p>Un seul operateur. Augmentation de l\u2019exploitation des productions plus soutenues. Logique avanc\u00e9e de gestion et de contr\u00f4le des cycles.<\/p>\n","protected":false},"featured_media":10217,"template":"","meta":{"_acf_changed":false,"_seopress_robots_primary_cat":"","_seopress_titles_title":"DIBIPACK 4255 SA EV: Machine \u00e0 Cloche | ITALDIBIPACK","_seopress_titles_desc":"La machine \u00e0 cloche classique DIBIPACK 4255 SA EV. Fiable, simple d'utilisation et parfaite pour les productions moyennes.","_seopress_robots_index":"","_eb_attr":"","_gspb_post_css":"","_kad_blocks_custom_css":"","_kad_blocks_head_custom_js":"","_kad_blocks_body_custom_js":"","_kad_blocks_footer_custom_js":"","_eb_data_table":"","_kad_post_transparent":"default","_kad_post_title":"","_kad_post_layout":"default","_kad_post_sidebar_id":"","_kad_post_content_style":"default","_kad_post_vertical_padding":"default","_kad_post_feature":"","_kad_post_feature_position":"","_kad_post_header":false,"_kad_post_footer":false,"_kad_post_classname":""},"product_brand":[],"product_cat":[100,339],"product_tag":[],"settore_applicazione":[],"campo_applicativo":[350,362,354,358],"class_list":{"0":"post-1257","1":"product","2":"type-product","3":"status-publish","4":"has-post-thumbnail","6":"product_cat-conditionnement-thermoretractable","7":"product_cat-systemes-simplifies","8":"campo_applicativo-alimentare-fr","9":"campo_applicativo-cosmetica-fr","10":"campo_applicativo-dolciario-fr","11":"campo_applicativo-farmaceutico-fr","13":"first","14":"instock","15":"taxable","16":"shipping-taxable","17":"product-type-simple","18":"entry","19":"content-bg","20":"loop-entry"},"acf":[],"taxonomy_info":{"product_cat":[{"value":100,"label":"Conditionnement thermor\u00e9tractable"},{"value":339,"label":"Syst\u00e8mes simplifi\u00e9s"}],"campo_applicativo":[{"value":350,"label":"alimentare"},{"value":362,"label":"cosmetica"},{"value":354,"label":"dolciario"},{"value":358,"label":"farmaceutico"}]},"featured_image_src_large":["https:\/\/www.italdibipack.com\/wp-content\/uploads\/2022\/06\/DIBIPACK-4255-SA-EV-macchine-confezionatrici-confezionatrici-manuali-termoretraibili-ITALDIBIPACK-1024x1024.png",1024,1024,true],"author_info":[],"comment_info":"","_links":{"self":[{"href":"https:\/\/www.italdibipack.com\/fr\/wp-json\/wp\/v2\/product\/1257","targetHints":{"allow":["GET"]}}],"collection":[{"href":"https:\/\/www.italdibipack.com\/fr\/wp-json\/wp\/v2\/product"}],"about":[{"href":"https:\/\/www.italdibipack.com\/fr\/wp-json\/wp\/v2\/types\/product"}],"wp:featuredmedia":[{"embeddable":true,"href":"https:\/\/www.italdibipack.com\/fr\/wp-json\/wp\/v2\/media\/10217"}],"wp:attachment":[{"href":"https:\/\/www.italdibipack.com\/fr\/wp-json\/wp\/v2\/media?parent=1257"}],"wp:term":[{"taxonomy":"product_brand","embeddable":true,"href":"https:\/\/www.italdibipack.com\/fr\/wp-json\/wp\/v2\/product_brand?post=1257"},{"taxonomy":"product_cat","embeddable":true,"href":"https:\/\/www.italdibipack.com\/fr\/wp-json\/wp\/v2\/product_cat?post=1257"},{"taxonomy":"product_tag","embeddable":true,"href":"https:\/\/www.italdibipack.com\/fr\/wp-json\/wp\/v2\/product_tag?post=1257"},{"taxonomy":"settore_applicazione","embeddable":true,"href":"https:\/\/www.italdibipack.com\/fr\/wp-json\/wp\/v2\/settore_applicazione?post=1257"},{"taxonomy":"campo_applicativo","embeddable":true,"href":"https:\/\/www.italdibipack.com\/fr\/wp-json\/wp\/v2\/campo_applicativo?post=1257"}],"curies":[{"name":"wp","href":"https:\/\/api.w.org\/{rel}","templated":true}]}}