{"id":1258,"date":"2022-06-15T15:14:38","date_gmt":"2022-07-04T15:53:25","guid":{"rendered":"https:\/\/italdibipack.bozzaonline.it\/prodotto\/turbopack-5040-7555-ev\/"},"modified":"2024-09-20T15:22:30","modified_gmt":"2024-09-20T15:22:30","slug":"turbopack-5040-7555-ev","status":"publish","type":"product","link":"https:\/\/www.italdibipack.com\/fr\/produit\/turbopack-5040-7555-ev\/","title":{"rendered":"TURBOPACK 5040 &#8211; 7555 EV"},"content":{"rendered":"","protected":false},"excerpt":{"rendered":"<h3>MACHINES D&rsquo;EMBALLAGE COMPACTES SEMI-AUTOMATIQUES: CONCEPTION INNOVANTE, NORMES DE HAUTE QUALIT\u00c9, R\u00c9SULTATS DE PRODUCTION \u00c9LEV\u00c9S<\/h3>\n<p>Id\u00e9al pour les r\u00e9alit\u00e9s de production de taille moyenne, afin d&#8217;emballer des pi\u00e8ces simples ou multiples. Changez simplement le format. Des alternatives aux machines \u00e0 cloche pour mettre en \u0153uvre la production avec la m\u00eame facilit\u00e9 d&rsquo;utilisation. Les machines Turbopack fonctionnent avec tout type de film r\u00e9tractable \/ polyol\u00e9fine (GREEN FILM &#8211; GOLDEN FILM), avec du PVC (BLUE FILM) et \u00e9ventuellement avec un film thermoscellable.<\/p>\n","protected":false},"featured_media":16477,"template":"","meta":{"_acf_changed":false,"_seopress_robots_primary_cat":"","_seopress_titles_title":"TURBOPACK 5040 - 7555 EV: Tunnel de R\u00e9traction | ITALDIBIPACK","_seopress_titles_desc":"Tunnels de r\u00e9traction professionnels TURBOPACK. Haute efficacit\u00e9 pour l'emballage sous film r\u00e9tractable.","_seopress_robots_index":"","_eb_attr":"","_gspb_post_css":"","_kad_blocks_custom_css":"","_kad_blocks_head_custom_js":"","_kad_blocks_body_custom_js":"","_kad_blocks_footer_custom_js":"","_eb_data_table":"","_kad_post_transparent":"default","_kad_post_title":"","_kad_post_layout":"default","_kad_post_sidebar_id":"","_kad_post_content_style":"default","_kad_post_vertical_padding":"default","_kad_post_feature":"","_kad_post_feature_position":"","_kad_post_header":false,"_kad_post_footer":false,"_kad_post_classname":""},"product_brand":[],"product_cat":[100,341],"product_tag":[],"settore_applicazione":[],"campo_applicativo":[],"class_list":{"0":"post-1258","1":"product","2":"type-product","3":"status-publish","4":"has-post-thumbnail","6":"product_cat-conditionnement-thermoretractable","7":"product_cat-systemes-semi-automatiques-avec-four-de-retraction","9":"first","10":"instock","11":"taxable","12":"shipping-taxable","13":"product-type-simple","14":"entry","15":"content-bg","16":"loop-entry"},"acf":[],"taxonomy_info":{"product_cat":[{"value":100,"label":"Conditionnement thermor\u00e9tractable"},{"value":341,"label":"Syst\u00e8mes semi automatiques avec four de r\u00e9traction"}]},"featured_image_src_large":["https:\/\/www.italdibipack.com\/wp-content\/uploads\/2024\/02\/TURBOPACK-5040-\u2013-7555-EV-macchine-confezionatrici-confezionatrici-con-tunnel-di-retrazione-semi-automatiche-ITALDIBIPACK-griglia-1024x1024.jpg",1024,1024,true],"author_info":[],"comment_info":"","_links":{"self":[{"href":"https:\/\/www.italdibipack.com\/fr\/wp-json\/wp\/v2\/product\/1258","targetHints":{"allow":["GET"]}}],"collection":[{"href":"https:\/\/www.italdibipack.com\/fr\/wp-json\/wp\/v2\/product"}],"about":[{"href":"https:\/\/www.italdibipack.com\/fr\/wp-json\/wp\/v2\/types\/product"}],"wp:featuredmedia":[{"embeddable":true,"href":"https:\/\/www.italdibipack.com\/fr\/wp-json\/wp\/v2\/media\/16477"}],"wp:attachment":[{"href":"https:\/\/www.italdibipack.com\/fr\/wp-json\/wp\/v2\/media?parent=1258"}],"wp:term":[{"taxonomy":"product_brand","embeddable":true,"href":"https:\/\/www.italdibipack.com\/fr\/wp-json\/wp\/v2\/product_brand?post=1258"},{"taxonomy":"product_cat","embeddable":true,"href":"https:\/\/www.italdibipack.com\/fr\/wp-json\/wp\/v2\/product_cat?post=1258"},{"taxonomy":"product_tag","embeddable":true,"href":"https:\/\/www.italdibipack.com\/fr\/wp-json\/wp\/v2\/product_tag?post=1258"},{"taxonomy":"settore_applicazione","embeddable":true,"href":"https:\/\/www.italdibipack.com\/fr\/wp-json\/wp\/v2\/settore_applicazione?post=1258"},{"taxonomy":"campo_applicativo","embeddable":true,"href":"https:\/\/www.italdibipack.com\/fr\/wp-json\/wp\/v2\/campo_applicativo?post=1258"}],"curies":[{"name":"wp","href":"https:\/\/api.w.org\/{rel}","templated":true}]}}