{"id":1259,"date":"2022-06-15T15:14:38","date_gmt":"2022-07-04T15:53:25","guid":{"rendered":"https:\/\/italdibipack.bozzaonline.it\/prodotto\/jolly-work\/"},"modified":"2024-10-21T17:36:39","modified_gmt":"2024-10-21T17:36:39","slug":"jolly-work","status":"publish","type":"product","link":"https:\/\/www.italdibipack.com\/fr\/produit\/jolly-work\/","title":{"rendered":"JOLLY WORK"},"content":{"rendered":"","protected":false},"excerpt":{"rendered":"<h3>LA DERNI\u00c8RE INCROYABLE ID\u00c9E INNOVANTE DE ITALDIBIPACK, TROIS SYST\u00c8MES EN UN<\/h3>\n<p>Jolly Work, banderoleur et \u00e9l\u00e9vateur, le syst\u00e8me 3 en 1 qui r\u00e9sout tout probl\u00e8me d\u2019emballage et prot\u00e8ge la sant\u00e9 des op\u00e9rateurs. Il est n\u00e9 comme un simple banderoleur de palette avec film \u00e9tirable et pr\u00e9-\u00e9tir\u00e9 (Jolly Wrap), mais avec l\u2019ajout de la deuxi\u00e8me bobine accessoire permet la composition de la palette dans la moiti\u00e9 du temps (Jolly Twin), tandis qu\u2019avec l\u2019ajout du plateau accessoire (Magic Plate) devient \u00e9galement \u00e9l\u00e9vateur et banderoleur de bo\u00eetes (Jolly Work), fondamental \u00e0 la formation de la palette. Le dispositif, \u00e9quip\u00e9 des diff\u00e9rentes options, plus \u00eatre transform\u00e9, sans aucune op\u00e9ration de montage et d\u00e9montage dans le banderoleur de palettes plut\u00f4t que de bo\u00eetes.<\/p>\n<h3>AVEC JOLLY WORK FIN DES PROBL\u00c8MES ET DES DOULEURS.<\/h3>\n<p>Il \u00e9pargne la fatigue \u00e0 l\u2019op\u00e9rateur, en pr\u00e9venant d\u2019\u00e9ventuels dommages au dos, tr\u00e8s r\u00e9pandus parmi les op\u00e9rateurs de la logistique, il augmente la productivit\u00e9 et la profitabilit\u00e9 du travail, am\u00e9liore le r\u00e9sultat, facilite et permet d\u2019envelopper des charges de plus grande hauteur.<\/p>\n","protected":false},"featured_media":16517,"template":"","meta":{"_acf_changed":false,"_seopress_robots_primary_cat":"none","_seopress_titles_title":"JOLLY WORK: Syst\u00e8me Manuel Multifonction | ITALDIBIPACK","_seopress_titles_desc":"Le robot manuel Jolly Work pour le banderolage et le levage. Ergonomique, l\u00e9ger et polyvalent : trois syst\u00e8mes en un.","_seopress_robots_index":"","_eb_attr":"","_gspb_post_css":"","_kad_blocks_custom_css":"","_kad_blocks_head_custom_js":"","_kad_blocks_body_custom_js":"","_kad_blocks_footer_custom_js":"","_eb_data_table":"","_kad_post_transparent":"default","_kad_post_title":"","_kad_post_layout":"default","_kad_post_sidebar_id":"","_kad_post_content_style":"default","_kad_post_vertical_padding":"default","_kad_post_feature":"","_kad_post_feature_position":"","_kad_post_header":false,"_kad_post_footer":false,"_kad_post_classname":""},"product_brand":[],"product_cat":[320,319],"product_tag":[],"settore_applicazione":[],"campo_applicativo":[],"class_list":{"0":"post-1259","1":"product","2":"type-product","3":"status-publish","4":"has-post-thumbnail","6":"product_cat-banderolage-paletise","7":"product_cat-banderoleur-manuel","9":"first","10":"instock","11":"taxable","12":"shipping-taxable","13":"purchasable","14":"product-type-simple","15":"entry","16":"content-bg","17":"loop-entry"},"acf":[],"taxonomy_info":{"product_cat":[{"value":320,"label":"Banderolage paletis\u00e9"},{"value":319,"label":"Banderoleur manuel"}]},"featured_image_src_large":["https:\/\/www.italdibipack.com\/wp-content\/uploads\/2022\/06\/JOLLY-WORK-avvolgitori-avvolgitori-manuali-ITALDIBIPACK-griglia-1024x1024.jpg",1024,1024,true],"author_info":[],"comment_info":"","_links":{"self":[{"href":"https:\/\/www.italdibipack.com\/fr\/wp-json\/wp\/v2\/product\/1259","targetHints":{"allow":["GET"]}}],"collection":[{"href":"https:\/\/www.italdibipack.com\/fr\/wp-json\/wp\/v2\/product"}],"about":[{"href":"https:\/\/www.italdibipack.com\/fr\/wp-json\/wp\/v2\/types\/product"}],"wp:featuredmedia":[{"embeddable":true,"href":"https:\/\/www.italdibipack.com\/fr\/wp-json\/wp\/v2\/media\/16517"}],"wp:attachment":[{"href":"https:\/\/www.italdibipack.com\/fr\/wp-json\/wp\/v2\/media?parent=1259"}],"wp:term":[{"taxonomy":"product_brand","embeddable":true,"href":"https:\/\/www.italdibipack.com\/fr\/wp-json\/wp\/v2\/product_brand?post=1259"},{"taxonomy":"product_cat","embeddable":true,"href":"https:\/\/www.italdibipack.com\/fr\/wp-json\/wp\/v2\/product_cat?post=1259"},{"taxonomy":"product_tag","embeddable":true,"href":"https:\/\/www.italdibipack.com\/fr\/wp-json\/wp\/v2\/product_tag?post=1259"},{"taxonomy":"settore_applicazione","embeddable":true,"href":"https:\/\/www.italdibipack.com\/fr\/wp-json\/wp\/v2\/settore_applicazione?post=1259"},{"taxonomy":"campo_applicativo","embeddable":true,"href":"https:\/\/www.italdibipack.com\/fr\/wp-json\/wp\/v2\/campo_applicativo?post=1259"}],"curies":[{"name":"wp","href":"https:\/\/api.w.org\/{rel}","templated":true}]}}