{"id":21132,"date":"2024-12-18T09:40:52","date_gmt":"2024-12-18T09:40:52","guid":{"rendered":"https:\/\/www.italdibipack.com\/prodotto\/tavolo-di-accumulo\/"},"modified":"2024-12-18T11:47:02","modified_gmt":"2024-12-18T11:47:02","slug":"table-daccumulation","status":"publish","type":"product","link":"https:\/\/www.italdibipack.com\/fr\/produit\/table-daccumulation\/","title":{"rendered":"TABLE D&rsquo;ACCUMULATION"},"content":{"rendered":"<p>La table rotative d&rsquo;accumulation est un compl\u00e9ment essentiel pour les lignes d&#8217;emballage, con\u00e7ue pour s&rsquo;int\u00e9grer parfaitement aux machines d&#8217;emballage flowpack. Ce dispositif optimise le flux de production, permettant une accumulation et une distribution efficaces des produits emball\u00e9s.<\/p>\n","protected":false},"excerpt":{"rendered":"<p>La table rotative d&rsquo;accumulation est un compl\u00e9ment essentiel pour les lignes d&#8217;emballage, con\u00e7ue pour s&rsquo;int\u00e9grer parfaitement aux machines d&#8217;emballage flowpack. Ce dispositif optimise le flux de production, permettant une accumulation et une distribution efficaces des produits emball\u00e9s.<\/p>\n","protected":false},"featured_media":21125,"template":"","meta":{"_acf_changed":false,"_seopress_robots_primary_cat":"none","_seopress_titles_title":"Table d'Accumulation Rotative | ITALDIBIPACK","_seopress_titles_desc":"Table d'accumulation rotative ITALDIBIPACK pour optimiser la phase de d\u00e9chargement des produits. Efficacit\u00e9 pour votre ligne d'emballage.","_seopress_robots_index":"","_eb_attr":"","_gspb_post_css":"","_kad_blocks_custom_css":"","_kad_blocks_head_custom_js":"","_kad_blocks_body_custom_js":"","_kad_blocks_footer_custom_js":"","_eb_data_table":"","_kad_post_transparent":"default","_kad_post_title":"","_kad_post_layout":"default","_kad_post_sidebar_id":"","_kad_post_content_style":"default","_kad_post_vertical_padding":"default","_kad_post_feature":"","_kad_post_feature_position":"","_kad_post_header":false,"_kad_post_footer":false,"_kad_post_classname":""},"product_brand":[],"product_cat":[346],"product_tag":[],"settore_applicazione":[],"campo_applicativo":[],"class_list":{"0":"post-21132","1":"product","2":"type-product","3":"status-publish","4":"has-post-thumbnail","6":"product_cat-machines-demballage-flowpack","8":"first","9":"instock","10":"taxable","11":"shipping-taxable","12":"product-type-simple","13":"entry","14":"content-bg","15":"loop-entry"},"acf":[],"taxonomy_info":{"product_cat":[{"value":346,"label":"Machines d\u2019emballage flowpack"}]},"featured_image_src_large":["https:\/\/www.italdibipack.com\/wp-content\/uploads\/2024\/12\/TAVOLO-ROTANTE-accessori-flowpack-ITALDIBIPACK-prodotto-griglia-trasparente-1024x1024.png",1024,1024,true],"author_info":[],"comment_info":"","_links":{"self":[{"href":"https:\/\/www.italdibipack.com\/fr\/wp-json\/wp\/v2\/product\/21132","targetHints":{"allow":["GET"]}}],"collection":[{"href":"https:\/\/www.italdibipack.com\/fr\/wp-json\/wp\/v2\/product"}],"about":[{"href":"https:\/\/www.italdibipack.com\/fr\/wp-json\/wp\/v2\/types\/product"}],"wp:featuredmedia":[{"embeddable":true,"href":"https:\/\/www.italdibipack.com\/fr\/wp-json\/wp\/v2\/media\/21125"}],"wp:attachment":[{"href":"https:\/\/www.italdibipack.com\/fr\/wp-json\/wp\/v2\/media?parent=21132"}],"wp:term":[{"taxonomy":"product_brand","embeddable":true,"href":"https:\/\/www.italdibipack.com\/fr\/wp-json\/wp\/v2\/product_brand?post=21132"},{"taxonomy":"product_cat","embeddable":true,"href":"https:\/\/www.italdibipack.com\/fr\/wp-json\/wp\/v2\/product_cat?post=21132"},{"taxonomy":"product_tag","embeddable":true,"href":"https:\/\/www.italdibipack.com\/fr\/wp-json\/wp\/v2\/product_tag?post=21132"},{"taxonomy":"settore_applicazione","embeddable":true,"href":"https:\/\/www.italdibipack.com\/fr\/wp-json\/wp\/v2\/settore_applicazione?post=21132"},{"taxonomy":"campo_applicativo","embeddable":true,"href":"https:\/\/www.italdibipack.com\/fr\/wp-json\/wp\/v2\/campo_applicativo?post=21132"}],"curies":[{"name":"wp","href":"https:\/\/api.w.org\/{rel}","templated":true}]}}