{"id":21154,"date":"2024-12-18T14:55:26","date_gmt":"2024-12-18T14:55:26","guid":{"rendered":"https:\/\/www.italdibipack.com\/prodotto\/rulliera-estensibile\/"},"modified":"2024-12-18T15:09:09","modified_gmt":"2024-12-18T15:09:09","slug":"convoyeur-a-rouleaux-extensible","status":"publish","type":"product","link":"https:\/\/www.italdibipack.com\/fr\/produit\/convoyeur-a-rouleaux-extensible\/","title":{"rendered":"CONVOYEUR \u00c0 ROULEAUX EXTENSIBLE"},"content":{"rendered":"<p>Le convoyeur \u00e0 rouleaux extensible est un accessoire polyvalent et indispensable pour optimiser le flux de travail dans les lignes de production et d&#8217;emballage. Con\u00e7u pour s&rsquo;adapter \u00e0 toute machine, ce convoyeur \u00e0 rouleaux offre flexibilit\u00e9 et efficacit\u00e9 dans le transport de produits de diff\u00e9rentes tailles.<\/p>\n","protected":false},"excerpt":{"rendered":"<p>Le convoyeur \u00e0 rouleaux extensible est un accessoire polyvalent et indispensable pour optimiser le flux de travail dans les lignes de production et d&#8217;emballage. Con\u00e7u pour s&rsquo;adapter \u00e0 toute machine, ce convoyeur \u00e0 rouleaux offre flexibilit\u00e9 et efficacit\u00e9 dans le transport de produits de diff\u00e9rentes tailles.<\/p>\n","protected":false},"featured_media":21140,"template":"","meta":{"_acf_changed":false,"_seopress_robots_primary_cat":"none","_seopress_titles_title":"Convoyeur \u00e0 Rouleaux Extensible | ITALDIBIPACK","_seopress_titles_desc":"Optimisez votre flux de travail avec le convoyeur \u00e0 rouleaux extensible ITALDIBIPACK. Robuste et adaptable \u00e0 toute machine d'emballage.","_seopress_robots_index":"","_eb_attr":"","_gspb_post_css":"","_kad_blocks_custom_css":"","_kad_blocks_head_custom_js":"","_kad_blocks_body_custom_js":"","_kad_blocks_footer_custom_js":"","_eb_data_table":"","_kad_post_transparent":"default","_kad_post_title":"","_kad_post_layout":"default","_kad_post_sidebar_id":"","_kad_post_content_style":"default","_kad_post_vertical_padding":"default","_kad_post_feature":"","_kad_post_feature_position":"","_kad_post_header":false,"_kad_post_footer":false,"_kad_post_classname":""},"product_brand":[],"product_cat":[343,340,335,341],"product_tag":[],"settore_applicazione":[],"campo_applicativo":[],"class_list":{"0":"post-21154","1":"product","2":"type-product","3":"status-publish","4":"has-post-thumbnail","6":"product_cat-scotcheuse-de-carton","7":"product_cat-systemes-automatiques-avec-four-de-retraction","8":"product_cat-systemes-de-fardellage-speciaux","9":"product_cat-systemes-semi-automatiques-avec-four-de-retraction","11":"first","12":"instock","13":"taxable","14":"shipping-taxable","15":"purchasable","16":"product-type-simple","17":"entry","18":"content-bg","19":"loop-entry"},"acf":[],"taxonomy_info":{"product_cat":[{"value":343,"label":"Scotcheuse de carton"},{"value":340,"label":"Syst\u00e8mes automatiques avec four de r\u00e9traction"},{"value":335,"label":"Syst\u00e8mes de fardellage &amp; sp\u00e8ciaux"},{"value":341,"label":"Syst\u00e8mes semi automatiques avec four de r\u00e9traction"}]},"featured_image_src_large":["https:\/\/www.italdibipack.com\/wp-content\/uploads\/2024\/12\/RULLIERA-ESTENSIBILE-accessori-ITALDIBIPACK-griglia-trasparente-1024x1024.jpg",1024,1024,true],"author_info":[],"comment_info":"","_links":{"self":[{"href":"https:\/\/www.italdibipack.com\/fr\/wp-json\/wp\/v2\/product\/21154","targetHints":{"allow":["GET"]}}],"collection":[{"href":"https:\/\/www.italdibipack.com\/fr\/wp-json\/wp\/v2\/product"}],"about":[{"href":"https:\/\/www.italdibipack.com\/fr\/wp-json\/wp\/v2\/types\/product"}],"wp:featuredmedia":[{"embeddable":true,"href":"https:\/\/www.italdibipack.com\/fr\/wp-json\/wp\/v2\/media\/21140"}],"wp:attachment":[{"href":"https:\/\/www.italdibipack.com\/fr\/wp-json\/wp\/v2\/media?parent=21154"}],"wp:term":[{"taxonomy":"product_brand","embeddable":true,"href":"https:\/\/www.italdibipack.com\/fr\/wp-json\/wp\/v2\/product_brand?post=21154"},{"taxonomy":"product_cat","embeddable":true,"href":"https:\/\/www.italdibipack.com\/fr\/wp-json\/wp\/v2\/product_cat?post=21154"},{"taxonomy":"product_tag","embeddable":true,"href":"https:\/\/www.italdibipack.com\/fr\/wp-json\/wp\/v2\/product_tag?post=21154"},{"taxonomy":"settore_applicazione","embeddable":true,"href":"https:\/\/www.italdibipack.com\/fr\/wp-json\/wp\/v2\/settore_applicazione?post=21154"},{"taxonomy":"campo_applicativo","embeddable":true,"href":"https:\/\/www.italdibipack.com\/fr\/wp-json\/wp\/v2\/campo_applicativo?post=21154"}],"curies":[{"name":"wp","href":"https:\/\/api.w.org\/{rel}","templated":true}]}}